{"id":1472,"date":"2024-11-25T12:33:54","date_gmt":"2024-11-25T12:33:54","guid":{"rendered":"https:\/\/melpirata.pt\/?post_type=product&#038;p=1472"},"modified":"2025-11-14T12:58:41","modified_gmt":"2025-11-14T12:58:41","slug":"mel-gold","status":"publish","type":"product","link":"https:\/\/melpirata.pt\/en\/product\/mel-gold\/","title":{"rendered":"Gold"},"content":{"rendered":"<p>A predominance of rosemary, savory, Persian clover and rosemary creates this crystalline honey with a mild flavour, harvested at the beginning of summer.<\/p>\n<p>It is rich in fructose, a sugar with a low glycaemic index and high sweetening power, as well as being a source of vitamins, minerals and active compounds.<\/p>\n<p>Its sweet flavour goes easily with any palate and is therefore the perfect alternative to sugar, jam and butter.<\/p>","protected":false},"excerpt":{"rendered":"<p>Multifloral honey. Perfect natural sweetener.<\/p>\n<p>Store at 20\u00baC.<br \/>\nNatural, unpasteurised honey.<br \/>\nIt can crystallise.<\/p>","protected":false},"featured_media":1067,"comment_status":"open","ping_status":"closed","template":"","meta":[],"product_brand":[],"product_cat":[18],"product_tag":[],"class_list":{"0":"post-1472","1":"product","2":"type-product","3":"status-publish","4":"has-post-thumbnail","6":"product_cat-mel","8":"first","9":"instock","10":"taxable","11":"shipping-taxable","12":"purchasable","13":"product-type-variable"},"yoast_head":"<!-- This site is optimized with the Yoast SEO plugin v27.5 - https:\/\/yoast.com\/product\/yoast-seo-wordpress\/ -->\n<title>Mel Gold - Do\u00e7ura Natural em Cada Frasco | Mel Pirata<\/title>\n<meta name=\"description\" content=\"Uma do\u00e7ura natural e pura que reflete o cuidado e a dedica\u00e7\u00e3o da nossa produ\u00e7\u00e3o ap\u00edcola. Descubra o sabor do verdadeiro mel org\u00e2nico - delicie-se com o Mel Gold da Mel Pirata.\" \/>\n<meta name=\"robots\" content=\"index, follow, max-snippet:-1, max-image-preview:large, max-video-preview:-1\" \/>\n<link rel=\"canonical\" href=\"https:\/\/melpirata.pt\/en\/product\/mel-gold\/\" \/>\n<meta property=\"og:locale\" content=\"en_GB\" \/>\n<meta property=\"og:type\" content=\"article\" \/>\n<meta property=\"og:title\" content=\"Mel Gold - Do\u00e7ura Natural em Cada Frasco | Mel Pirata\" \/>\n<meta property=\"og:description\" content=\"Uma do\u00e7ura natural e pura que reflete o cuidado e a dedica\u00e7\u00e3o da nossa produ\u00e7\u00e3o ap\u00edcola. Descubra o sabor do verdadeiro mel org\u00e2nico - delicie-se com o Mel Gold da Mel Pirata.\" \/>\n<meta property=\"og:url\" content=\"https:\/\/melpirata.pt\/en\/product\/mel-gold\/\" \/>\n<meta property=\"og:site_name\" content=\"Mel Pirata\" \/>\n<meta property=\"article:modified_time\" content=\"2025-11-14T12:58:41+00:00\" \/>\n<meta property=\"og:image\" content=\"https:\/\/melpirata.pt\/wp-content\/uploads\/2024\/04\/gold-xl-final.jpg\" \/>\n\t<meta property=\"og:image:width\" content=\"1125\" \/>\n\t<meta property=\"og:image:height\" content=\"1500\" \/>\n\t<meta property=\"og:image:type\" content=\"image\/jpeg\" \/>\n<meta name=\"twitter:card\" content=\"summary_large_image\" \/>\n<meta name=\"twitter:label1\" content=\"Estimated reading time\" \/>\n\t<meta name=\"twitter:data1\" content=\"1 minute\" \/>\n<script type=\"application\/ld+json\" class=\"yoast-schema-graph\">{\"@context\":\"https:\\\/\\\/schema.org\",\"@graph\":[{\"@type\":\"WebPage\",\"@id\":\"https:\\\/\\\/melpirata.pt\\\/produto\\\/mel-gold\\\/\",\"url\":\"https:\\\/\\\/melpirata.pt\\\/produto\\\/mel-gold\\\/\",\"name\":\"Mel Gold - Do\u00e7ura Natural em Cada Frasco | Mel Pirata\",\"isPartOf\":{\"@id\":\"https:\\\/\\\/melpirata.pt\\\/#website\"},\"primaryImageOfPage\":{\"@id\":\"https:\\\/\\\/melpirata.pt\\\/produto\\\/mel-gold\\\/#primaryimage\"},\"image\":{\"@id\":\"https:\\\/\\\/melpirata.pt\\\/produto\\\/mel-gold\\\/#primaryimage\"},\"thumbnailUrl\":\"https:\\\/\\\/melpirata.pt\\\/wp-content\\\/uploads\\\/2024\\\/04\\\/gold-xl-final.jpg\",\"datePublished\":\"2024-11-25T12:33:54+00:00\",\"dateModified\":\"2025-11-14T12:58:41+00:00\",\"description\":\"Uma do\u00e7ura natural e pura que reflete o cuidado e a dedica\u00e7\u00e3o da nossa produ\u00e7\u00e3o ap\u00edcola. Descubra o sabor do verdadeiro mel org\u00e2nico - delicie-se com o Mel Gold da Mel Pirata.\",\"breadcrumb\":{\"@id\":\"https:\\\/\\\/melpirata.pt\\\/produto\\\/mel-gold\\\/#breadcrumb\"},\"inLanguage\":\"en-GB\",\"potentialAction\":[{\"@type\":\"ReadAction\",\"target\":[\"https:\\\/\\\/melpirata.pt\\\/produto\\\/mel-gold\\\/\"]}]},{\"@type\":\"ImageObject\",\"inLanguage\":\"en-GB\",\"@id\":\"https:\\\/\\\/melpirata.pt\\\/produto\\\/mel-gold\\\/#primaryimage\",\"url\":\"https:\\\/\\\/melpirata.pt\\\/wp-content\\\/uploads\\\/2024\\\/04\\\/gold-xl-final.jpg\",\"contentUrl\":\"https:\\\/\\\/melpirata.pt\\\/wp-content\\\/uploads\\\/2024\\\/04\\\/gold-xl-final.jpg\",\"width\":1125,\"height\":1500},{\"@type\":\"BreadcrumbList\",\"@id\":\"https:\\\/\\\/melpirata.pt\\\/produto\\\/mel-gold\\\/#breadcrumb\",\"itemListElement\":[{\"@type\":\"ListItem\",\"position\":1,\"name\":\"In\u00edcio\",\"item\":\"https:\\\/\\\/melpirata.pt\\\/\"},{\"@type\":\"ListItem\",\"position\":2,\"name\":\"Loja\",\"item\":\"https:\\\/\\\/melpirata.pt\\\/loja\\\/\"},{\"@type\":\"ListItem\",\"position\":3,\"name\":\"Gold\"}]},{\"@type\":\"WebSite\",\"@id\":\"https:\\\/\\\/melpirata.pt\\\/#website\",\"url\":\"https:\\\/\\\/melpirata.pt\\\/\",\"name\":\"Mel Pirata\",\"description\":\"Produto do Alentejo\",\"publisher\":{\"@id\":\"https:\\\/\\\/melpirata.pt\\\/#organization\"},\"potentialAction\":[{\"@type\":\"SearchAction\",\"target\":{\"@type\":\"EntryPoint\",\"urlTemplate\":\"https:\\\/\\\/melpirata.pt\\\/?s={search_term_string}\"},\"query-input\":{\"@type\":\"PropertyValueSpecification\",\"valueRequired\":true,\"valueName\":\"search_term_string\"}}],\"inLanguage\":\"en-GB\"},{\"@type\":\"Organization\",\"@id\":\"https:\\\/\\\/melpirata.pt\\\/#organization\",\"name\":\"Mel Pirata\",\"url\":\"https:\\\/\\\/melpirata.pt\\\/\",\"logo\":{\"@type\":\"ImageObject\",\"inLanguage\":\"en-GB\",\"@id\":\"https:\\\/\\\/melpirata.pt\\\/#\\\/schema\\\/logo\\\/image\\\/\",\"url\":\"https:\\\/\\\/melpirata.pt\\\/wp-content\\\/uploads\\\/2024\\\/04\\\/logo-melpirata-black.jpg\",\"contentUrl\":\"https:\\\/\\\/melpirata.pt\\\/wp-content\\\/uploads\\\/2024\\\/04\\\/logo-melpirata-black.jpg\",\"width\":696,\"height\":696,\"caption\":\"Mel Pirata\"},\"image\":{\"@id\":\"https:\\\/\\\/melpirata.pt\\\/#\\\/schema\\\/logo\\\/image\\\/\"},\"sameAs\":[\"https:\\\/\\\/www.instagram.com\\\/mel.pirata\"]}]}<\/script>\n<!-- \/ Yoast SEO plugin. -->","yoast_head_json":{"title":"Mel Gold - Do\u00e7ura Natural em Cada Frasco | Mel Pirata","description":"Uma do\u00e7ura natural e pura que reflete o cuidado e a dedica\u00e7\u00e3o da nossa produ\u00e7\u00e3o ap\u00edcola. Descubra o sabor do verdadeiro mel org\u00e2nico - delicie-se com o Mel Gold da Mel Pirata.","robots":{"index":"index","follow":"follow","max-snippet":"max-snippet:-1","max-image-preview":"max-image-preview:large","max-video-preview":"max-video-preview:-1"},"canonical":"https:\/\/melpirata.pt\/en\/product\/mel-gold\/","og_locale":"en_GB","og_type":"article","og_title":"Mel Gold - Do\u00e7ura Natural em Cada Frasco | Mel Pirata","og_description":"Uma do\u00e7ura natural e pura que reflete o cuidado e a dedica\u00e7\u00e3o da nossa produ\u00e7\u00e3o ap\u00edcola. Descubra o sabor do verdadeiro mel org\u00e2nico - delicie-se com o Mel Gold da Mel Pirata.","og_url":"https:\/\/melpirata.pt\/en\/product\/mel-gold\/","og_site_name":"Mel Pirata","article_modified_time":"2025-11-14T12:58:41+00:00","og_image":[{"width":1125,"height":1500,"url":"https:\/\/melpirata.pt\/wp-content\/uploads\/2024\/04\/gold-xl-final.jpg","type":"image\/jpeg"}],"twitter_card":"summary_large_image","twitter_misc":{"Estimated reading time":"1 minute"},"schema":{"@context":"https:\/\/schema.org","@graph":[{"@type":"WebPage","@id":"https:\/\/melpirata.pt\/produto\/mel-gold\/","url":"https:\/\/melpirata.pt\/produto\/mel-gold\/","name":"Mel Gold - Do\u00e7ura Natural em Cada Frasco | Mel Pirata","isPartOf":{"@id":"https:\/\/melpirata.pt\/#website"},"primaryImageOfPage":{"@id":"https:\/\/melpirata.pt\/produto\/mel-gold\/#primaryimage"},"image":{"@id":"https:\/\/melpirata.pt\/produto\/mel-gold\/#primaryimage"},"thumbnailUrl":"https:\/\/melpirata.pt\/wp-content\/uploads\/2024\/04\/gold-xl-final.jpg","datePublished":"2024-11-25T12:33:54+00:00","dateModified":"2025-11-14T12:58:41+00:00","description":"Uma do\u00e7ura natural e pura que reflete o cuidado e a dedica\u00e7\u00e3o da nossa produ\u00e7\u00e3o ap\u00edcola. Descubra o sabor do verdadeiro mel org\u00e2nico - delicie-se com o Mel Gold da Mel Pirata.","breadcrumb":{"@id":"https:\/\/melpirata.pt\/produto\/mel-gold\/#breadcrumb"},"inLanguage":"en-GB","potentialAction":[{"@type":"ReadAction","target":["https:\/\/melpirata.pt\/produto\/mel-gold\/"]}]},{"@type":"ImageObject","inLanguage":"en-GB","@id":"https:\/\/melpirata.pt\/produto\/mel-gold\/#primaryimage","url":"https:\/\/melpirata.pt\/wp-content\/uploads\/2024\/04\/gold-xl-final.jpg","contentUrl":"https:\/\/melpirata.pt\/wp-content\/uploads\/2024\/04\/gold-xl-final.jpg","width":1125,"height":1500},{"@type":"BreadcrumbList","@id":"https:\/\/melpirata.pt\/produto\/mel-gold\/#breadcrumb","itemListElement":[{"@type":"ListItem","position":1,"name":"In\u00edcio","item":"https:\/\/melpirata.pt\/"},{"@type":"ListItem","position":2,"name":"Loja","item":"https:\/\/melpirata.pt\/loja\/"},{"@type":"ListItem","position":3,"name":"Gold"}]},{"@type":"WebSite","@id":"https:\/\/melpirata.pt\/#website","url":"https:\/\/melpirata.pt\/","name":"Mel Pirata","description":"Product of Alentejo","publisher":{"@id":"https:\/\/melpirata.pt\/#organization"},"potentialAction":[{"@type":"SearchAction","target":{"@type":"EntryPoint","urlTemplate":"https:\/\/melpirata.pt\/?s={search_term_string}"},"query-input":{"@type":"PropertyValueSpecification","valueRequired":true,"valueName":"search_term_string"}}],"inLanguage":"en-GB"},{"@type":"Organization","@id":"https:\/\/melpirata.pt\/#organization","name":"Mel Pirata","url":"https:\/\/melpirata.pt\/","logo":{"@type":"ImageObject","inLanguage":"en-GB","@id":"https:\/\/melpirata.pt\/#\/schema\/logo\/image\/","url":"https:\/\/melpirata.pt\/wp-content\/uploads\/2024\/04\/logo-melpirata-black.jpg","contentUrl":"https:\/\/melpirata.pt\/wp-content\/uploads\/2024\/04\/logo-melpirata-black.jpg","width":696,"height":696,"caption":"Mel Pirata"},"image":{"@id":"https:\/\/melpirata.pt\/#\/schema\/logo\/image\/"},"sameAs":["https:\/\/www.instagram.com\/mel.pirata"]}]}},"_links":{"self":[{"href":"https:\/\/melpirata.pt\/en\/wp-json\/wp\/v2\/product\/1472","targetHints":{"allow":["GET"]}}],"collection":[{"href":"https:\/\/melpirata.pt\/en\/wp-json\/wp\/v2\/product"}],"about":[{"href":"https:\/\/melpirata.pt\/en\/wp-json\/wp\/v2\/types\/product"}],"replies":[{"embeddable":true,"href":"https:\/\/melpirata.pt\/en\/wp-json\/wp\/v2\/comments?post=1472"}],"wp:featuredmedia":[{"embeddable":true,"href":"https:\/\/melpirata.pt\/en\/wp-json\/wp\/v2\/media\/1067"}],"wp:attachment":[{"href":"https:\/\/melpirata.pt\/en\/wp-json\/wp\/v2\/media?parent=1472"}],"wp:term":[{"taxonomy":"product_brand","embeddable":true,"href":"https:\/\/melpirata.pt\/en\/wp-json\/wp\/v2\/product_brand?post=1472"},{"taxonomy":"product_cat","embeddable":true,"href":"https:\/\/melpirata.pt\/en\/wp-json\/wp\/v2\/product_cat?post=1472"},{"taxonomy":"product_tag","embeddable":true,"href":"https:\/\/melpirata.pt\/en\/wp-json\/wp\/v2\/product_tag?post=1472"}],"curies":[{"name":"wp","href":"https:\/\/api.w.org\/{rel}","templated":true}]}}