{"id":1505,"date":"2024-11-25T15:12:41","date_gmt":"2024-11-25T15:12:41","guid":{"rendered":"https:\/\/melpirata.pt\/?post_type=product&#038;p=1505"},"modified":"2025-11-14T12:58:06","modified_gmt":"2025-11-14T12:58:06","slug":"polen","status":"publish","type":"product","link":"https:\/\/melpirata.pt\/en\/product\/polen\/","title":{"rendered":"Pollen"},"content":{"rendered":"<p>With their velvety texture and unique flavour, pollen granules are considered one of the most complete foods available as they contain all the essential amino acids, various vitamins and minerals, active compounds and essential fatty acids, omega-3 and omega-6.<\/p>\n<p>It is therefore an excellent food supplement with great nutritional and culinary value, for decorating sweets, adding a touch of flavour to salads, as a food tonic in sauces and yoghurts, and can be added to fruit, soups, smoothies, cakes or even our honey.<\/p>\n<p>Let nature guide you!<\/p>","protected":false},"excerpt":{"rendered":"<p>Multifloral origin.<\/p>","protected":false},"featured_media":1069,"comment_status":"open","ping_status":"closed","template":"","meta":[],"product_brand":[],"product_cat":[19],"product_tag":[],"class_list":{"0":"post-1505","1":"product","2":"type-product","3":"status-publish","4":"has-post-thumbnail","6":"product_cat-polen","8":"first","9":"instock","10":"taxable","11":"shipping-taxable","12":"purchasable","13":"product-type-variable"},"yoast_head":"<!-- This site is optimized with the Yoast SEO plugin v27.5 - https:\/\/yoast.com\/product\/yoast-seo-wordpress\/ -->\n<title>P\u00f3len - Superalimento Nutritivo | Mel Pirata<\/title>\n<meta name=\"description\" content=\"Um superalimento nutritivo e energ\u00e9tico, colhido com cuidado para garantir m\u00e1xima qualidade e benef\u00edcios para a sua sa\u00fade. Experimente o poder natural do p\u00f3len - desfrute do P\u00f3len da Mel Pirata.\" \/>\n<meta name=\"robots\" content=\"index, follow, max-snippet:-1, max-image-preview:large, max-video-preview:-1\" \/>\n<link rel=\"canonical\" href=\"https:\/\/melpirata.pt\/en\/product\/polen\/\" \/>\n<meta property=\"og:locale\" content=\"en_GB\" \/>\n<meta property=\"og:type\" content=\"article\" \/>\n<meta property=\"og:title\" content=\"P\u00f3len - Superalimento Nutritivo | Mel Pirata\" \/>\n<meta property=\"og:description\" content=\"Um superalimento nutritivo e energ\u00e9tico, colhido com cuidado para garantir m\u00e1xima qualidade e benef\u00edcios para a sua sa\u00fade. Experimente o poder natural do p\u00f3len - desfrute do P\u00f3len da Mel Pirata.\" \/>\n<meta property=\"og:url\" content=\"https:\/\/melpirata.pt\/en\/product\/polen\/\" \/>\n<meta property=\"og:site_name\" content=\"Mel Pirata\" \/>\n<meta property=\"article:modified_time\" content=\"2025-11-14T12:58:06+00:00\" \/>\n<meta property=\"og:image\" content=\"https:\/\/melpirata.pt\/wp-content\/uploads\/2024\/04\/polen-lg-final.jpg\" \/>\n\t<meta property=\"og:image:width\" content=\"1125\" \/>\n\t<meta property=\"og:image:height\" content=\"1500\" \/>\n\t<meta property=\"og:image:type\" content=\"image\/jpeg\" \/>\n<meta name=\"twitter:card\" content=\"summary_large_image\" \/>\n<meta name=\"twitter:label1\" content=\"Estimated reading time\" \/>\n\t<meta name=\"twitter:data1\" content=\"1 minute\" \/>\n<script type=\"application\/ld+json\" class=\"yoast-schema-graph\">{\"@context\":\"https:\\\/\\\/schema.org\",\"@graph\":[{\"@type\":\"WebPage\",\"@id\":\"https:\\\/\\\/melpirata.pt\\\/produto\\\/polen\\\/\",\"url\":\"https:\\\/\\\/melpirata.pt\\\/produto\\\/polen\\\/\",\"name\":\"P\u00f3len - Superalimento Nutritivo | Mel Pirata\",\"isPartOf\":{\"@id\":\"https:\\\/\\\/melpirata.pt\\\/#website\"},\"primaryImageOfPage\":{\"@id\":\"https:\\\/\\\/melpirata.pt\\\/produto\\\/polen\\\/#primaryimage\"},\"image\":{\"@id\":\"https:\\\/\\\/melpirata.pt\\\/produto\\\/polen\\\/#primaryimage\"},\"thumbnailUrl\":\"https:\\\/\\\/melpirata.pt\\\/wp-content\\\/uploads\\\/2024\\\/04\\\/polen-lg-final.jpg\",\"datePublished\":\"2024-11-25T15:12:41+00:00\",\"dateModified\":\"2025-11-14T12:58:06+00:00\",\"description\":\"Um superalimento nutritivo e energ\u00e9tico, colhido com cuidado para garantir m\u00e1xima qualidade e benef\u00edcios para a sua sa\u00fade. Experimente o poder natural do p\u00f3len - desfrute do P\u00f3len da Mel Pirata.\",\"breadcrumb\":{\"@id\":\"https:\\\/\\\/melpirata.pt\\\/produto\\\/polen\\\/#breadcrumb\"},\"inLanguage\":\"en-GB\",\"potentialAction\":[{\"@type\":\"ReadAction\",\"target\":[\"https:\\\/\\\/melpirata.pt\\\/produto\\\/polen\\\/\"]}]},{\"@type\":\"ImageObject\",\"inLanguage\":\"en-GB\",\"@id\":\"https:\\\/\\\/melpirata.pt\\\/produto\\\/polen\\\/#primaryimage\",\"url\":\"https:\\\/\\\/melpirata.pt\\\/wp-content\\\/uploads\\\/2024\\\/04\\\/polen-lg-final.jpg\",\"contentUrl\":\"https:\\\/\\\/melpirata.pt\\\/wp-content\\\/uploads\\\/2024\\\/04\\\/polen-lg-final.jpg\",\"width\":1125,\"height\":1500},{\"@type\":\"BreadcrumbList\",\"@id\":\"https:\\\/\\\/melpirata.pt\\\/produto\\\/polen\\\/#breadcrumb\",\"itemListElement\":[{\"@type\":\"ListItem\",\"position\":1,\"name\":\"In\u00edcio\",\"item\":\"https:\\\/\\\/melpirata.pt\\\/\"},{\"@type\":\"ListItem\",\"position\":2,\"name\":\"Loja\",\"item\":\"https:\\\/\\\/melpirata.pt\\\/loja\\\/\"},{\"@type\":\"ListItem\",\"position\":3,\"name\":\"P\u00f3len\"}]},{\"@type\":\"WebSite\",\"@id\":\"https:\\\/\\\/melpirata.pt\\\/#website\",\"url\":\"https:\\\/\\\/melpirata.pt\\\/\",\"name\":\"Mel Pirata\",\"description\":\"Produto do Alentejo\",\"publisher\":{\"@id\":\"https:\\\/\\\/melpirata.pt\\\/#organization\"},\"potentialAction\":[{\"@type\":\"SearchAction\",\"target\":{\"@type\":\"EntryPoint\",\"urlTemplate\":\"https:\\\/\\\/melpirata.pt\\\/?s={search_term_string}\"},\"query-input\":{\"@type\":\"PropertyValueSpecification\",\"valueRequired\":true,\"valueName\":\"search_term_string\"}}],\"inLanguage\":\"en-GB\"},{\"@type\":\"Organization\",\"@id\":\"https:\\\/\\\/melpirata.pt\\\/#organization\",\"name\":\"Mel Pirata\",\"url\":\"https:\\\/\\\/melpirata.pt\\\/\",\"logo\":{\"@type\":\"ImageObject\",\"inLanguage\":\"en-GB\",\"@id\":\"https:\\\/\\\/melpirata.pt\\\/#\\\/schema\\\/logo\\\/image\\\/\",\"url\":\"https:\\\/\\\/melpirata.pt\\\/wp-content\\\/uploads\\\/2024\\\/04\\\/logo-melpirata-black.jpg\",\"contentUrl\":\"https:\\\/\\\/melpirata.pt\\\/wp-content\\\/uploads\\\/2024\\\/04\\\/logo-melpirata-black.jpg\",\"width\":696,\"height\":696,\"caption\":\"Mel Pirata\"},\"image\":{\"@id\":\"https:\\\/\\\/melpirata.pt\\\/#\\\/schema\\\/logo\\\/image\\\/\"},\"sameAs\":[\"https:\\\/\\\/www.instagram.com\\\/mel.pirata\"]}]}<\/script>\n<!-- \/ Yoast SEO plugin. -->","yoast_head_json":{"title":"P\u00f3len - Superalimento Nutritivo | Mel Pirata","description":"Um superalimento nutritivo e energ\u00e9tico, colhido com cuidado para garantir m\u00e1xima qualidade e benef\u00edcios para a sua sa\u00fade. Experimente o poder natural do p\u00f3len - desfrute do P\u00f3len da Mel Pirata.","robots":{"index":"index","follow":"follow","max-snippet":"max-snippet:-1","max-image-preview":"max-image-preview:large","max-video-preview":"max-video-preview:-1"},"canonical":"https:\/\/melpirata.pt\/en\/product\/polen\/","og_locale":"en_GB","og_type":"article","og_title":"P\u00f3len - Superalimento Nutritivo | Mel Pirata","og_description":"Um superalimento nutritivo e energ\u00e9tico, colhido com cuidado para garantir m\u00e1xima qualidade e benef\u00edcios para a sua sa\u00fade. Experimente o poder natural do p\u00f3len - desfrute do P\u00f3len da Mel Pirata.","og_url":"https:\/\/melpirata.pt\/en\/product\/polen\/","og_site_name":"Mel Pirata","article_modified_time":"2025-11-14T12:58:06+00:00","og_image":[{"width":1125,"height":1500,"url":"https:\/\/melpirata.pt\/wp-content\/uploads\/2024\/04\/polen-lg-final.jpg","type":"image\/jpeg"}],"twitter_card":"summary_large_image","twitter_misc":{"Estimated reading time":"1 minute"},"schema":{"@context":"https:\/\/schema.org","@graph":[{"@type":"WebPage","@id":"https:\/\/melpirata.pt\/produto\/polen\/","url":"https:\/\/melpirata.pt\/produto\/polen\/","name":"P\u00f3len - Superalimento Nutritivo | Mel Pirata","isPartOf":{"@id":"https:\/\/melpirata.pt\/#website"},"primaryImageOfPage":{"@id":"https:\/\/melpirata.pt\/produto\/polen\/#primaryimage"},"image":{"@id":"https:\/\/melpirata.pt\/produto\/polen\/#primaryimage"},"thumbnailUrl":"https:\/\/melpirata.pt\/wp-content\/uploads\/2024\/04\/polen-lg-final.jpg","datePublished":"2024-11-25T15:12:41+00:00","dateModified":"2025-11-14T12:58:06+00:00","description":"Um superalimento nutritivo e energ\u00e9tico, colhido com cuidado para garantir m\u00e1xima qualidade e benef\u00edcios para a sua sa\u00fade. Experimente o poder natural do p\u00f3len - desfrute do P\u00f3len da Mel Pirata.","breadcrumb":{"@id":"https:\/\/melpirata.pt\/produto\/polen\/#breadcrumb"},"inLanguage":"en-GB","potentialAction":[{"@type":"ReadAction","target":["https:\/\/melpirata.pt\/produto\/polen\/"]}]},{"@type":"ImageObject","inLanguage":"en-GB","@id":"https:\/\/melpirata.pt\/produto\/polen\/#primaryimage","url":"https:\/\/melpirata.pt\/wp-content\/uploads\/2024\/04\/polen-lg-final.jpg","contentUrl":"https:\/\/melpirata.pt\/wp-content\/uploads\/2024\/04\/polen-lg-final.jpg","width":1125,"height":1500},{"@type":"BreadcrumbList","@id":"https:\/\/melpirata.pt\/produto\/polen\/#breadcrumb","itemListElement":[{"@type":"ListItem","position":1,"name":"In\u00edcio","item":"https:\/\/melpirata.pt\/"},{"@type":"ListItem","position":2,"name":"Loja","item":"https:\/\/melpirata.pt\/loja\/"},{"@type":"ListItem","position":3,"name":"P\u00f3len"}]},{"@type":"WebSite","@id":"https:\/\/melpirata.pt\/#website","url":"https:\/\/melpirata.pt\/","name":"Mel Pirata","description":"Product of Alentejo","publisher":{"@id":"https:\/\/melpirata.pt\/#organization"},"potentialAction":[{"@type":"SearchAction","target":{"@type":"EntryPoint","urlTemplate":"https:\/\/melpirata.pt\/?s={search_term_string}"},"query-input":{"@type":"PropertyValueSpecification","valueRequired":true,"valueName":"search_term_string"}}],"inLanguage":"en-GB"},{"@type":"Organization","@id":"https:\/\/melpirata.pt\/#organization","name":"Mel Pirata","url":"https:\/\/melpirata.pt\/","logo":{"@type":"ImageObject","inLanguage":"en-GB","@id":"https:\/\/melpirata.pt\/#\/schema\/logo\/image\/","url":"https:\/\/melpirata.pt\/wp-content\/uploads\/2024\/04\/logo-melpirata-black.jpg","contentUrl":"https:\/\/melpirata.pt\/wp-content\/uploads\/2024\/04\/logo-melpirata-black.jpg","width":696,"height":696,"caption":"Mel Pirata"},"image":{"@id":"https:\/\/melpirata.pt\/#\/schema\/logo\/image\/"},"sameAs":["https:\/\/www.instagram.com\/mel.pirata"]}]}},"_links":{"self":[{"href":"https:\/\/melpirata.pt\/en\/wp-json\/wp\/v2\/product\/1505","targetHints":{"allow":["GET"]}}],"collection":[{"href":"https:\/\/melpirata.pt\/en\/wp-json\/wp\/v2\/product"}],"about":[{"href":"https:\/\/melpirata.pt\/en\/wp-json\/wp\/v2\/types\/product"}],"replies":[{"embeddable":true,"href":"https:\/\/melpirata.pt\/en\/wp-json\/wp\/v2\/comments?post=1505"}],"wp:featuredmedia":[{"embeddable":true,"href":"https:\/\/melpirata.pt\/en\/wp-json\/wp\/v2\/media\/1069"}],"wp:attachment":[{"href":"https:\/\/melpirata.pt\/en\/wp-json\/wp\/v2\/media?parent=1505"}],"wp:term":[{"taxonomy":"product_brand","embeddable":true,"href":"https:\/\/melpirata.pt\/en\/wp-json\/wp\/v2\/product_brand?post=1505"},{"taxonomy":"product_cat","embeddable":true,"href":"https:\/\/melpirata.pt\/en\/wp-json\/wp\/v2\/product_cat?post=1505"},{"taxonomy":"product_tag","embeddable":true,"href":"https:\/\/melpirata.pt\/en\/wp-json\/wp\/v2\/product_tag?post=1505"}],"curies":[{"name":"wp","href":"https:\/\/api.w.org\/{rel}","templated":true}]}}