{"id":1512,"date":"2024-11-25T15:41:42","date_gmt":"2024-11-25T15:41:42","guid":{"rendered":"https:\/\/melpirata.pt\/?post_type=product&#038;p=1512"},"modified":"2026-02-10T09:54:27","modified_gmt":"2026-02-10T09:54:27","slug":"geleia-real","status":"publish","type":"product","link":"https:\/\/melpirata.pt\/en\/product\/geleia-real\/","title":{"rendered":"Fresh Royal Jelly"},"content":{"rendered":"<p>A\u00a0<strong>Royal Jelly<\/strong> is a nutritious substance produced by bees and used to feed their larvae and the queen bee. It takes the form of a gelatinous substance, the consistency of which thickens over time. It has a whitish or slightly yellowish colour and can be altered by oxidation when it comes into contact with air.<\/p>\n<p>Its characteristic aroma is reminiscent of phenol. It also has an acidic flavour due to its PH content.<\/p>\n<p>It is a true superfood, as it transforms a simple larva into a queen and guarantees the survival and prosperity of the hive.<\/p>\n<p>Spoon included. This is the daily dose. It should be taken on an empty stomach, first thing in the morning.<\/p>\n<p>It should be kept in the fridge.<\/p>","protected":false},"excerpt":{"rendered":"<p>Product rich in amino acids, vitamins, proteins and minerals.<\/p>\n<p>It should be kept cold.<\/p>","protected":false},"featured_media":1482,"comment_status":"open","ping_status":"closed","template":"","meta":[],"product_brand":[],"product_cat":[28],"product_tag":[],"class_list":{"0":"post-1512","1":"product","2":"type-product","3":"status-publish","4":"has-post-thumbnail","6":"product_cat-geleia-real","8":"first","9":"instock","10":"taxable","11":"shipping-taxable","12":"purchasable","13":"product-type-simple"},"yoast_head":"<!-- This site is optimized with the Yoast SEO plugin v27.5 - https:\/\/yoast.com\/product\/yoast-seo-wordpress\/ -->\n<title>Geleia Real Pura \u2013 Benef\u00edcios Naturais para a Sa\u00fade | Mel Pirata<\/title>\n<meta name=\"description\" content=\"Descubra a Geleia Real Pura da Mel Pirata, um superalimento com propriedades \u00fanicas para refor\u00e7ar a imunidade, melhorar a energia e cuidar da sua sa\u00fade de forma natural. Ideal para toda a fam\u00edlia.\" \/>\n<meta name=\"robots\" content=\"index, follow, max-snippet:-1, max-image-preview:large, max-video-preview:-1\" \/>\n<link rel=\"canonical\" href=\"https:\/\/melpirata.pt\/en\/product\/geleia-real\/\" \/>\n<meta property=\"og:locale\" content=\"en_GB\" \/>\n<meta property=\"og:type\" content=\"article\" \/>\n<meta property=\"og:title\" content=\"Geleia Real Pura \u2013 Benef\u00edcios Naturais para a Sa\u00fade | Mel Pirata\" \/>\n<meta property=\"og:description\" content=\"Descubra a Geleia Real Pura da Mel Pirata, um superalimento com propriedades \u00fanicas para refor\u00e7ar a imunidade, melhorar a energia e cuidar da sua sa\u00fade de forma natural. Ideal para toda a fam\u00edlia.\" \/>\n<meta property=\"og:url\" content=\"https:\/\/melpirata.pt\/en\/product\/geleia-real\/\" \/>\n<meta property=\"og:site_name\" content=\"Mel Pirata\" \/>\n<meta property=\"article:modified_time\" content=\"2026-02-10T09:54:27+00:00\" \/>\n<meta property=\"og:image\" content=\"https:\/\/melpirata.pt\/wp-content\/uploads\/2024\/11\/geleia-real-2-scaled.jpg\" \/>\n\t<meta property=\"og:image:width\" content=\"1920\" \/>\n\t<meta property=\"og:image:height\" content=\"2560\" \/>\n\t<meta property=\"og:image:type\" content=\"image\/jpeg\" \/>\n<meta name=\"twitter:card\" content=\"summary_large_image\" \/>\n<meta name=\"twitter:label1\" content=\"Estimated reading time\" \/>\n\t<meta name=\"twitter:data1\" content=\"1 minute\" \/>\n<script type=\"application\/ld+json\" class=\"yoast-schema-graph\">{\"@context\":\"https:\\\/\\\/schema.org\",\"@graph\":[{\"@type\":\"WebPage\",\"@id\":\"https:\\\/\\\/melpirata.pt\\\/produto\\\/geleia-real\\\/\",\"url\":\"https:\\\/\\\/melpirata.pt\\\/produto\\\/geleia-real\\\/\",\"name\":\"Geleia Real Pura \u2013 Benef\u00edcios Naturais para a Sa\u00fade | Mel Pirata\",\"isPartOf\":{\"@id\":\"https:\\\/\\\/melpirata.pt\\\/#website\"},\"primaryImageOfPage\":{\"@id\":\"https:\\\/\\\/melpirata.pt\\\/produto\\\/geleia-real\\\/#primaryimage\"},\"image\":{\"@id\":\"https:\\\/\\\/melpirata.pt\\\/produto\\\/geleia-real\\\/#primaryimage\"},\"thumbnailUrl\":\"https:\\\/\\\/melpirata.pt\\\/wp-content\\\/uploads\\\/2024\\\/11\\\/geleia-real-2-scaled.jpg\",\"datePublished\":\"2024-11-25T15:41:42+00:00\",\"dateModified\":\"2026-02-10T09:54:27+00:00\",\"description\":\"Descubra a Geleia Real Pura da Mel Pirata, um superalimento com propriedades \u00fanicas para refor\u00e7ar a imunidade, melhorar a energia e cuidar da sua sa\u00fade de forma natural. Ideal para toda a fam\u00edlia.\",\"breadcrumb\":{\"@id\":\"https:\\\/\\\/melpirata.pt\\\/produto\\\/geleia-real\\\/#breadcrumb\"},\"inLanguage\":\"en-GB\",\"potentialAction\":[{\"@type\":\"ReadAction\",\"target\":[\"https:\\\/\\\/melpirata.pt\\\/produto\\\/geleia-real\\\/\"]}]},{\"@type\":\"ImageObject\",\"inLanguage\":\"en-GB\",\"@id\":\"https:\\\/\\\/melpirata.pt\\\/produto\\\/geleia-real\\\/#primaryimage\",\"url\":\"https:\\\/\\\/melpirata.pt\\\/wp-content\\\/uploads\\\/2024\\\/11\\\/geleia-real-2-scaled.jpg\",\"contentUrl\":\"https:\\\/\\\/melpirata.pt\\\/wp-content\\\/uploads\\\/2024\\\/11\\\/geleia-real-2-scaled.jpg\",\"width\":1920,\"height\":2560},{\"@type\":\"BreadcrumbList\",\"@id\":\"https:\\\/\\\/melpirata.pt\\\/produto\\\/geleia-real\\\/#breadcrumb\",\"itemListElement\":[{\"@type\":\"ListItem\",\"position\":1,\"name\":\"In\u00edcio\",\"item\":\"https:\\\/\\\/melpirata.pt\\\/\"},{\"@type\":\"ListItem\",\"position\":2,\"name\":\"Loja\",\"item\":\"https:\\\/\\\/melpirata.pt\\\/loja\\\/\"},{\"@type\":\"ListItem\",\"position\":3,\"name\":\"Geleia Real Fresca\"}]},{\"@type\":\"WebSite\",\"@id\":\"https:\\\/\\\/melpirata.pt\\\/#website\",\"url\":\"https:\\\/\\\/melpirata.pt\\\/\",\"name\":\"Mel Pirata\",\"description\":\"Produto do Alentejo\",\"publisher\":{\"@id\":\"https:\\\/\\\/melpirata.pt\\\/#organization\"},\"potentialAction\":[{\"@type\":\"SearchAction\",\"target\":{\"@type\":\"EntryPoint\",\"urlTemplate\":\"https:\\\/\\\/melpirata.pt\\\/?s={search_term_string}\"},\"query-input\":{\"@type\":\"PropertyValueSpecification\",\"valueRequired\":true,\"valueName\":\"search_term_string\"}}],\"inLanguage\":\"en-GB\"},{\"@type\":\"Organization\",\"@id\":\"https:\\\/\\\/melpirata.pt\\\/#organization\",\"name\":\"Mel Pirata\",\"url\":\"https:\\\/\\\/melpirata.pt\\\/\",\"logo\":{\"@type\":\"ImageObject\",\"inLanguage\":\"en-GB\",\"@id\":\"https:\\\/\\\/melpirata.pt\\\/#\\\/schema\\\/logo\\\/image\\\/\",\"url\":\"https:\\\/\\\/melpirata.pt\\\/wp-content\\\/uploads\\\/2024\\\/04\\\/logo-melpirata-black.jpg\",\"contentUrl\":\"https:\\\/\\\/melpirata.pt\\\/wp-content\\\/uploads\\\/2024\\\/04\\\/logo-melpirata-black.jpg\",\"width\":696,\"height\":696,\"caption\":\"Mel Pirata\"},\"image\":{\"@id\":\"https:\\\/\\\/melpirata.pt\\\/#\\\/schema\\\/logo\\\/image\\\/\"},\"sameAs\":[\"https:\\\/\\\/www.instagram.com\\\/mel.pirata\"]}]}<\/script>\n<!-- \/ Yoast SEO plugin. -->","yoast_head_json":{"title":"Geleia Real Pura \u2013 Benef\u00edcios Naturais para a Sa\u00fade | Mel Pirata","description":"Descubra a Geleia Real Pura da Mel Pirata, um superalimento com propriedades \u00fanicas para refor\u00e7ar a imunidade, melhorar a energia e cuidar da sua sa\u00fade de forma natural. Ideal para toda a fam\u00edlia.","robots":{"index":"index","follow":"follow","max-snippet":"max-snippet:-1","max-image-preview":"max-image-preview:large","max-video-preview":"max-video-preview:-1"},"canonical":"https:\/\/melpirata.pt\/en\/product\/geleia-real\/","og_locale":"en_GB","og_type":"article","og_title":"Geleia Real Pura \u2013 Benef\u00edcios Naturais para a Sa\u00fade | Mel Pirata","og_description":"Descubra a Geleia Real Pura da Mel Pirata, um superalimento com propriedades \u00fanicas para refor\u00e7ar a imunidade, melhorar a energia e cuidar da sua sa\u00fade de forma natural. Ideal para toda a fam\u00edlia.","og_url":"https:\/\/melpirata.pt\/en\/product\/geleia-real\/","og_site_name":"Mel Pirata","article_modified_time":"2026-02-10T09:54:27+00:00","og_image":[{"width":1920,"height":2560,"url":"https:\/\/melpirata.pt\/wp-content\/uploads\/2024\/11\/geleia-real-2-scaled.jpg","type":"image\/jpeg"}],"twitter_card":"summary_large_image","twitter_misc":{"Estimated reading time":"1 minute"},"schema":{"@context":"https:\/\/schema.org","@graph":[{"@type":"WebPage","@id":"https:\/\/melpirata.pt\/produto\/geleia-real\/","url":"https:\/\/melpirata.pt\/produto\/geleia-real\/","name":"Geleia Real Pura \u2013 Benef\u00edcios Naturais para a Sa\u00fade | Mel Pirata","isPartOf":{"@id":"https:\/\/melpirata.pt\/#website"},"primaryImageOfPage":{"@id":"https:\/\/melpirata.pt\/produto\/geleia-real\/#primaryimage"},"image":{"@id":"https:\/\/melpirata.pt\/produto\/geleia-real\/#primaryimage"},"thumbnailUrl":"https:\/\/melpirata.pt\/wp-content\/uploads\/2024\/11\/geleia-real-2-scaled.jpg","datePublished":"2024-11-25T15:41:42+00:00","dateModified":"2026-02-10T09:54:27+00:00","description":"Descubra a Geleia Real Pura da Mel Pirata, um superalimento com propriedades \u00fanicas para refor\u00e7ar a imunidade, melhorar a energia e cuidar da sua sa\u00fade de forma natural. Ideal para toda a fam\u00edlia.","breadcrumb":{"@id":"https:\/\/melpirata.pt\/produto\/geleia-real\/#breadcrumb"},"inLanguage":"en-GB","potentialAction":[{"@type":"ReadAction","target":["https:\/\/melpirata.pt\/produto\/geleia-real\/"]}]},{"@type":"ImageObject","inLanguage":"en-GB","@id":"https:\/\/melpirata.pt\/produto\/geleia-real\/#primaryimage","url":"https:\/\/melpirata.pt\/wp-content\/uploads\/2024\/11\/geleia-real-2-scaled.jpg","contentUrl":"https:\/\/melpirata.pt\/wp-content\/uploads\/2024\/11\/geleia-real-2-scaled.jpg","width":1920,"height":2560},{"@type":"BreadcrumbList","@id":"https:\/\/melpirata.pt\/produto\/geleia-real\/#breadcrumb","itemListElement":[{"@type":"ListItem","position":1,"name":"In\u00edcio","item":"https:\/\/melpirata.pt\/"},{"@type":"ListItem","position":2,"name":"Loja","item":"https:\/\/melpirata.pt\/loja\/"},{"@type":"ListItem","position":3,"name":"Geleia Real Fresca"}]},{"@type":"WebSite","@id":"https:\/\/melpirata.pt\/#website","url":"https:\/\/melpirata.pt\/","name":"Mel Pirata","description":"Product of Alentejo","publisher":{"@id":"https:\/\/melpirata.pt\/#organization"},"potentialAction":[{"@type":"SearchAction","target":{"@type":"EntryPoint","urlTemplate":"https:\/\/melpirata.pt\/?s={search_term_string}"},"query-input":{"@type":"PropertyValueSpecification","valueRequired":true,"valueName":"search_term_string"}}],"inLanguage":"en-GB"},{"@type":"Organization","@id":"https:\/\/melpirata.pt\/#organization","name":"Mel Pirata","url":"https:\/\/melpirata.pt\/","logo":{"@type":"ImageObject","inLanguage":"en-GB","@id":"https:\/\/melpirata.pt\/#\/schema\/logo\/image\/","url":"https:\/\/melpirata.pt\/wp-content\/uploads\/2024\/04\/logo-melpirata-black.jpg","contentUrl":"https:\/\/melpirata.pt\/wp-content\/uploads\/2024\/04\/logo-melpirata-black.jpg","width":696,"height":696,"caption":"Mel Pirata"},"image":{"@id":"https:\/\/melpirata.pt\/#\/schema\/logo\/image\/"},"sameAs":["https:\/\/www.instagram.com\/mel.pirata"]}]}},"_links":{"self":[{"href":"https:\/\/melpirata.pt\/en\/wp-json\/wp\/v2\/product\/1512","targetHints":{"allow":["GET"]}}],"collection":[{"href":"https:\/\/melpirata.pt\/en\/wp-json\/wp\/v2\/product"}],"about":[{"href":"https:\/\/melpirata.pt\/en\/wp-json\/wp\/v2\/types\/product"}],"replies":[{"embeddable":true,"href":"https:\/\/melpirata.pt\/en\/wp-json\/wp\/v2\/comments?post=1512"}],"wp:featuredmedia":[{"embeddable":true,"href":"https:\/\/melpirata.pt\/en\/wp-json\/wp\/v2\/media\/1482"}],"wp:attachment":[{"href":"https:\/\/melpirata.pt\/en\/wp-json\/wp\/v2\/media?parent=1512"}],"wp:term":[{"taxonomy":"product_brand","embeddable":true,"href":"https:\/\/melpirata.pt\/en\/wp-json\/wp\/v2\/product_brand?post=1512"},{"taxonomy":"product_cat","embeddable":true,"href":"https:\/\/melpirata.pt\/en\/wp-json\/wp\/v2\/product_cat?post=1512"},{"taxonomy":"product_tag","embeddable":true,"href":"https:\/\/melpirata.pt\/en\/wp-json\/wp\/v2\/product_tag?post=1512"}],"curies":[{"name":"wp","href":"https:\/\/api.w.org\/{rel}","templated":true}]}}