{"id":1649,"date":"2025-01-14T12:26:25","date_gmt":"2025-01-14T12:26:25","guid":{"rendered":"https:\/\/melpirata.pt\/?post_type=product&#038;p=1649"},"modified":"2025-11-14T12:57:05","modified_gmt":"2025-11-14T12:57:05","slug":"colher-para-mel","status":"publish","type":"product","link":"https:\/\/melpirata.pt\/en\/product\/colher-para-mel\/","title":{"rendered":"Honey spoon"},"content":{"rendered":"<p>Made from quality wood, the Mel Pirata honey spoon is the perfect accessory for serving honey in an elegant and practical way. Its traditional design, with specific grooves, allows you to collect and spread the honey without unwanted drips.<\/p>\n<p>Ideal for accompanying pure, artisanal Mel Pirata honey, this spoon is eco-friendly, durable and food-safe. A rustic touch that adds authenticity to your tasting experience.<\/p>\n<p>Turn the simple act of serving honey into a special ritual!<\/p>","protected":false},"excerpt":{"rendered":"<p>Feita com madeira de qualidade, a colher de mel Mel Pirata \u00e9 o acess\u00f3rio perfeito para servir mel de forma elegante e pr\u00e1tica. O seu design tradicional, com ranhuras espec\u00edficas, permite recolher e espalhar o mel sem pingos indesejados. Ideal para acompanhar o mel puro e artesanal Mel Pirata, esta colher \u00e9 ecol\u00f3gica, dur\u00e1vel e [&#8230;]\n","protected":false},"featured_media":1784,"comment_status":"open","ping_status":"closed","template":"","meta":[],"product_brand":[],"product_cat":[31],"product_tag":[],"class_list":{"0":"post-1649","1":"product","2":"type-product","3":"status-publish","4":"has-post-thumbnail","6":"product_cat-acessorios","8":"first","9":"instock","10":"taxable","11":"shipping-taxable","12":"purchasable","13":"product-type-simple"},"yoast_head":"<!-- This site is optimized with the Yoast SEO plugin v27.5 - https:\/\/yoast.com\/product\/yoast-seo-wordpress\/ -->\n<title>Colher para Mel - Mel Pirata<\/title>\n<meta name=\"robots\" content=\"index, follow, max-snippet:-1, max-image-preview:large, max-video-preview:-1\" \/>\n<link rel=\"canonical\" href=\"https:\/\/melpirata.pt\/en\/product\/colher-para-mel\/\" \/>\n<meta property=\"og:locale\" content=\"en_GB\" \/>\n<meta property=\"og:type\" content=\"article\" \/>\n<meta property=\"og:title\" content=\"Colher para Mel - Mel Pirata\" \/>\n<meta property=\"og:description\" content=\"Feita com madeira de qualidade, a colher de mel Mel Pirata \u00e9 o acess\u00f3rio perfeito para servir mel de forma elegante e pr\u00e1tica. O seu design tradicional, com ranhuras espec\u00edficas, permite recolher e espalhar o mel sem pingos indesejados. Ideal para acompanhar o mel puro e artesanal Mel Pirata, esta colher \u00e9 ecol\u00f3gica, dur\u00e1vel e [...]\" \/>\n<meta property=\"og:url\" content=\"https:\/\/melpirata.pt\/en\/product\/colher-para-mel\/\" \/>\n<meta property=\"og:site_name\" content=\"Mel Pirata\" \/>\n<meta property=\"article:modified_time\" content=\"2025-11-14T12:57:05+00:00\" \/>\n<meta property=\"og:image\" content=\"https:\/\/melpirata.pt\/wp-content\/uploads\/2025\/03\/IMG_7743.jpg\" \/>\n\t<meta property=\"og:image:width\" content=\"1125\" \/>\n\t<meta property=\"og:image:height\" content=\"1500\" \/>\n\t<meta property=\"og:image:type\" content=\"image\/jpeg\" \/>\n<meta name=\"twitter:card\" content=\"summary_large_image\" \/>\n<meta name=\"twitter:label1\" content=\"Estimated reading time\" \/>\n\t<meta name=\"twitter:data1\" content=\"1 minute\" \/>\n<script type=\"application\/ld+json\" class=\"yoast-schema-graph\">{\"@context\":\"https:\\\/\\\/schema.org\",\"@graph\":[{\"@type\":\"WebPage\",\"@id\":\"https:\\\/\\\/melpirata.pt\\\/produto\\\/colher-para-mel\\\/\",\"url\":\"https:\\\/\\\/melpirata.pt\\\/produto\\\/colher-para-mel\\\/\",\"name\":\"Colher para Mel - Mel Pirata\",\"isPartOf\":{\"@id\":\"https:\\\/\\\/melpirata.pt\\\/#website\"},\"primaryImageOfPage\":{\"@id\":\"https:\\\/\\\/melpirata.pt\\\/produto\\\/colher-para-mel\\\/#primaryimage\"},\"image\":{\"@id\":\"https:\\\/\\\/melpirata.pt\\\/produto\\\/colher-para-mel\\\/#primaryimage\"},\"thumbnailUrl\":\"https:\\\/\\\/melpirata.pt\\\/wp-content\\\/uploads\\\/2025\\\/03\\\/IMG_7743.jpg\",\"datePublished\":\"2025-01-14T12:26:25+00:00\",\"dateModified\":\"2025-11-14T12:57:05+00:00\",\"breadcrumb\":{\"@id\":\"https:\\\/\\\/melpirata.pt\\\/produto\\\/colher-para-mel\\\/#breadcrumb\"},\"inLanguage\":\"en-GB\",\"potentialAction\":[{\"@type\":\"ReadAction\",\"target\":[\"https:\\\/\\\/melpirata.pt\\\/produto\\\/colher-para-mel\\\/\"]}]},{\"@type\":\"ImageObject\",\"inLanguage\":\"en-GB\",\"@id\":\"https:\\\/\\\/melpirata.pt\\\/produto\\\/colher-para-mel\\\/#primaryimage\",\"url\":\"https:\\\/\\\/melpirata.pt\\\/wp-content\\\/uploads\\\/2025\\\/03\\\/IMG_7743.jpg\",\"contentUrl\":\"https:\\\/\\\/melpirata.pt\\\/wp-content\\\/uploads\\\/2025\\\/03\\\/IMG_7743.jpg\",\"width\":1125,\"height\":1500},{\"@type\":\"BreadcrumbList\",\"@id\":\"https:\\\/\\\/melpirata.pt\\\/produto\\\/colher-para-mel\\\/#breadcrumb\",\"itemListElement\":[{\"@type\":\"ListItem\",\"position\":1,\"name\":\"In\u00edcio\",\"item\":\"https:\\\/\\\/melpirata.pt\\\/\"},{\"@type\":\"ListItem\",\"position\":2,\"name\":\"Loja\",\"item\":\"https:\\\/\\\/melpirata.pt\\\/loja\\\/\"},{\"@type\":\"ListItem\",\"position\":3,\"name\":\"Colher para Mel\"}]},{\"@type\":\"WebSite\",\"@id\":\"https:\\\/\\\/melpirata.pt\\\/#website\",\"url\":\"https:\\\/\\\/melpirata.pt\\\/\",\"name\":\"Mel Pirata\",\"description\":\"Produto do Alentejo\",\"publisher\":{\"@id\":\"https:\\\/\\\/melpirata.pt\\\/#organization\"},\"potentialAction\":[{\"@type\":\"SearchAction\",\"target\":{\"@type\":\"EntryPoint\",\"urlTemplate\":\"https:\\\/\\\/melpirata.pt\\\/?s={search_term_string}\"},\"query-input\":{\"@type\":\"PropertyValueSpecification\",\"valueRequired\":true,\"valueName\":\"search_term_string\"}}],\"inLanguage\":\"en-GB\"},{\"@type\":\"Organization\",\"@id\":\"https:\\\/\\\/melpirata.pt\\\/#organization\",\"name\":\"Mel Pirata\",\"url\":\"https:\\\/\\\/melpirata.pt\\\/\",\"logo\":{\"@type\":\"ImageObject\",\"inLanguage\":\"en-GB\",\"@id\":\"https:\\\/\\\/melpirata.pt\\\/#\\\/schema\\\/logo\\\/image\\\/\",\"url\":\"https:\\\/\\\/melpirata.pt\\\/wp-content\\\/uploads\\\/2024\\\/04\\\/logo-melpirata-black.jpg\",\"contentUrl\":\"https:\\\/\\\/melpirata.pt\\\/wp-content\\\/uploads\\\/2024\\\/04\\\/logo-melpirata-black.jpg\",\"width\":696,\"height\":696,\"caption\":\"Mel Pirata\"},\"image\":{\"@id\":\"https:\\\/\\\/melpirata.pt\\\/#\\\/schema\\\/logo\\\/image\\\/\"},\"sameAs\":[\"https:\\\/\\\/www.instagram.com\\\/mel.pirata\"]}]}<\/script>\n<!-- \/ Yoast SEO plugin. -->","yoast_head_json":{"title":"Colher para Mel - Mel Pirata","robots":{"index":"index","follow":"follow","max-snippet":"max-snippet:-1","max-image-preview":"max-image-preview:large","max-video-preview":"max-video-preview:-1"},"canonical":"https:\/\/melpirata.pt\/en\/product\/colher-para-mel\/","og_locale":"en_GB","og_type":"article","og_title":"Colher para Mel - Mel Pirata","og_description":"Feita com madeira de qualidade, a colher de mel Mel Pirata \u00e9 o acess\u00f3rio perfeito para servir mel de forma elegante e pr\u00e1tica. O seu design tradicional, com ranhuras espec\u00edficas, permite recolher e espalhar o mel sem pingos indesejados. Ideal para acompanhar o mel puro e artesanal Mel Pirata, esta colher \u00e9 ecol\u00f3gica, dur\u00e1vel e [...]","og_url":"https:\/\/melpirata.pt\/en\/product\/colher-para-mel\/","og_site_name":"Mel Pirata","article_modified_time":"2025-11-14T12:57:05+00:00","og_image":[{"width":1125,"height":1500,"url":"https:\/\/melpirata.pt\/wp-content\/uploads\/2025\/03\/IMG_7743.jpg","type":"image\/jpeg"}],"twitter_card":"summary_large_image","twitter_misc":{"Estimated reading time":"1 minute"},"schema":{"@context":"https:\/\/schema.org","@graph":[{"@type":"WebPage","@id":"https:\/\/melpirata.pt\/produto\/colher-para-mel\/","url":"https:\/\/melpirata.pt\/produto\/colher-para-mel\/","name":"Colher para Mel - Mel Pirata","isPartOf":{"@id":"https:\/\/melpirata.pt\/#website"},"primaryImageOfPage":{"@id":"https:\/\/melpirata.pt\/produto\/colher-para-mel\/#primaryimage"},"image":{"@id":"https:\/\/melpirata.pt\/produto\/colher-para-mel\/#primaryimage"},"thumbnailUrl":"https:\/\/melpirata.pt\/wp-content\/uploads\/2025\/03\/IMG_7743.jpg","datePublished":"2025-01-14T12:26:25+00:00","dateModified":"2025-11-14T12:57:05+00:00","breadcrumb":{"@id":"https:\/\/melpirata.pt\/produto\/colher-para-mel\/#breadcrumb"},"inLanguage":"en-GB","potentialAction":[{"@type":"ReadAction","target":["https:\/\/melpirata.pt\/produto\/colher-para-mel\/"]}]},{"@type":"ImageObject","inLanguage":"en-GB","@id":"https:\/\/melpirata.pt\/produto\/colher-para-mel\/#primaryimage","url":"https:\/\/melpirata.pt\/wp-content\/uploads\/2025\/03\/IMG_7743.jpg","contentUrl":"https:\/\/melpirata.pt\/wp-content\/uploads\/2025\/03\/IMG_7743.jpg","width":1125,"height":1500},{"@type":"BreadcrumbList","@id":"https:\/\/melpirata.pt\/produto\/colher-para-mel\/#breadcrumb","itemListElement":[{"@type":"ListItem","position":1,"name":"In\u00edcio","item":"https:\/\/melpirata.pt\/"},{"@type":"ListItem","position":2,"name":"Loja","item":"https:\/\/melpirata.pt\/loja\/"},{"@type":"ListItem","position":3,"name":"Colher para Mel"}]},{"@type":"WebSite","@id":"https:\/\/melpirata.pt\/#website","url":"https:\/\/melpirata.pt\/","name":"Mel Pirata","description":"Product of Alentejo","publisher":{"@id":"https:\/\/melpirata.pt\/#organization"},"potentialAction":[{"@type":"SearchAction","target":{"@type":"EntryPoint","urlTemplate":"https:\/\/melpirata.pt\/?s={search_term_string}"},"query-input":{"@type":"PropertyValueSpecification","valueRequired":true,"valueName":"search_term_string"}}],"inLanguage":"en-GB"},{"@type":"Organization","@id":"https:\/\/melpirata.pt\/#organization","name":"Mel Pirata","url":"https:\/\/melpirata.pt\/","logo":{"@type":"ImageObject","inLanguage":"en-GB","@id":"https:\/\/melpirata.pt\/#\/schema\/logo\/image\/","url":"https:\/\/melpirata.pt\/wp-content\/uploads\/2024\/04\/logo-melpirata-black.jpg","contentUrl":"https:\/\/melpirata.pt\/wp-content\/uploads\/2024\/04\/logo-melpirata-black.jpg","width":696,"height":696,"caption":"Mel Pirata"},"image":{"@id":"https:\/\/melpirata.pt\/#\/schema\/logo\/image\/"},"sameAs":["https:\/\/www.instagram.com\/mel.pirata"]}]}},"_links":{"self":[{"href":"https:\/\/melpirata.pt\/en\/wp-json\/wp\/v2\/product\/1649","targetHints":{"allow":["GET"]}}],"collection":[{"href":"https:\/\/melpirata.pt\/en\/wp-json\/wp\/v2\/product"}],"about":[{"href":"https:\/\/melpirata.pt\/en\/wp-json\/wp\/v2\/types\/product"}],"replies":[{"embeddable":true,"href":"https:\/\/melpirata.pt\/en\/wp-json\/wp\/v2\/comments?post=1649"}],"wp:featuredmedia":[{"embeddable":true,"href":"https:\/\/melpirata.pt\/en\/wp-json\/wp\/v2\/media\/1784"}],"wp:attachment":[{"href":"https:\/\/melpirata.pt\/en\/wp-json\/wp\/v2\/media?parent=1649"}],"wp:term":[{"taxonomy":"product_brand","embeddable":true,"href":"https:\/\/melpirata.pt\/en\/wp-json\/wp\/v2\/product_brand?post=1649"},{"taxonomy":"product_cat","embeddable":true,"href":"https:\/\/melpirata.pt\/en\/wp-json\/wp\/v2\/product_cat?post=1649"},{"taxonomy":"product_tag","embeddable":true,"href":"https:\/\/melpirata.pt\/en\/wp-json\/wp\/v2\/product_tag?post=1649"}],"curies":[{"name":"wp","href":"https:\/\/api.w.org\/{rel}","templated":true}]}}