{"id":1759,"date":"2025-03-11T15:32:01","date_gmt":"2025-03-11T15:32:01","guid":{"rendered":"https:\/\/melpirata.pt\/?post_type=product&#038;p=1759"},"modified":"2026-02-10T09:54:16","modified_gmt":"2026-02-10T09:54:16","slug":"propolis","status":"publish","type":"product","link":"https:\/\/melpirata.pt\/en\/product\/propolis\/","title":{"rendered":"Propolis"},"content":{"rendered":"<div id=\"1741711460.228129\" class=\"c-virtual_list__item\" tabindex=\"-1\" role=\"listitem\" aria-setsize=\"-1\" data-qa=\"virtual-list-item\" data-item-key=\"1741711460.228129\">\n<div class=\"c-message_kit__background c-message_kit__background--hovered p-message_pane_message__message c-message_kit__message\" role=\"presentation\" data-qa=\"message_container\" data-qa-unprocessed=\"false\" data-qa-placeholder=\"false\">\n<div class=\"c-message_kit__hover c-message_kit__hover--hovered\" role=\"document\" aria-roledescription=\"mensagem\" data-qa-hover=\"true\">\n<div class=\"c-message_kit__actions c-message_kit__actions--default\">\n<div class=\"c-message_kit__gutter\">\n<div class=\"c-message_kit__gutter__right\" role=\"presentation\" data-qa=\"message_content\">\n<div class=\"c-message_kit__blocks c-message_kit__blocks--rich_text\">\n<div class=\"c-message__message_blocks c-message__message_blocks--rich_text\" data-qa=\"message-text\">\n<div class=\"p-block_kit_renderer\" data-qa=\"block-kit-renderer\">\n<div class=\"p-block_kit_renderer__block_wrapper p-block_kit_renderer__block_wrapper--first\">\n<div class=\"p-rich_text_block\" dir=\"auto\">\n<div class=\"p-rich_text_section\">\n<div id=\"1741711460.228129\" class=\"c-virtual_list__item\" tabindex=\"-1\" role=\"listitem\" aria-setsize=\"-1\" data-qa=\"virtual-list-item\" data-item-key=\"1741711460.228129\">\n<div class=\"c-message_kit__background c-message_kit__background--hovered p-message_pane_message__message c-message_kit__message\" role=\"presentation\" data-qa=\"message_container\" data-qa-unprocessed=\"false\" data-qa-placeholder=\"false\">\n<div class=\"c-message_kit__hover c-message_kit__hover--hovered\" role=\"document\" aria-roledescription=\"mensagem\" data-qa-hover=\"true\">\n<div class=\"c-message_kit__actions c-message_kit__actions--default\">\n<div class=\"c-message_kit__gutter\">\n<div class=\"c-message_kit__gutter__right\" role=\"presentation\" data-qa=\"message_content\">\n<div class=\"c-message_kit__blocks c-message_kit__blocks--rich_text\">\n<div class=\"c-message__message_blocks c-message__message_blocks--rich_text\" data-qa=\"message-text\">\n<div class=\"p-block_kit_renderer\" data-qa=\"block-kit-renderer\">\n<div class=\"p-block_kit_renderer__block_wrapper p-block_kit_renderer__block_wrapper--first\">\n<div class=\"p-rich_text_block\" dir=\"auto\">\n<div class=\"p-rich_text_section\">Anti-microbial, anti-fungal, anti-viral, anti-inflammatory, anti-oxidant, healing and tissue regenerating, antiseptic, hypertensive and immune system stimulating action.<\/div>\n<div><\/div>\n<div class=\"p-rich_text_section\">Cautions: Food supplements should not be used as a substitute for a balanced diet. Do not take more than the recommended daily dose. Keep out of reach of children. Not recommended for children or pregnant or breastfeeding women. Store in a cool, dry place away from sunlight.<\/div>\n<\/div>\n<\/div>\n<\/div>\n<\/div>\n<\/div>\n<\/div>\n<\/div>\n<div class=\"c-message_actions__container c-message__actions\" role=\"group\">\n<div class=\"c-message_actions__group\" role=\"group\" aria-label=\"Messaging actions\" data-qa=\"message-actions\"><\/div>\n<\/div>\n<\/div>\n<\/div>\n<\/div>\n<\/div>\n<div id=\"1741711472.120409\" class=\"c-virtual_list__item\" tabindex=\"0\" role=\"listitem\" aria-setsize=\"-1\" data-qa=\"virtual-list-item\" data-item-key=\"1741711472.120409\">\n<div class=\"c-message_kit__background p-message_pane_message__message c-message_kit__message p-message_pane_message__message--last\" role=\"presentation\" data-qa=\"message_container\" data-qa-unprocessed=\"false\" data-qa-placeholder=\"false\">\n<div class=\"c-message_kit__hover\" role=\"document\" aria-roledescription=\"mensagem\" data-qa-hover=\"true\">\n<div class=\"c-message_kit__actions c-message_kit__actions--above\">\n<div class=\"c-message_kit__gutter\">\n<div class=\"c-message_kit__gutter__right\" role=\"presentation\" data-qa=\"message_content\">\n<div class=\"c-message_kit__blocks c-message_kit__blocks--rich_text\">\n<div class=\"c-message__message_blocks c-message__message_blocks--rich_text\" data-qa=\"message-text\">\n<div class=\"p-block_kit_renderer\" data-qa=\"block-kit-renderer\">\n<div class=\"p-block_kit_renderer__block_wrapper p-block_kit_renderer__block_wrapper--first\">\n<div class=\"p-rich_text_block\" dir=\"auto\">\n<div class=\"p-rich_text_section\">Recommended Daily Dose: 20 to 60 drops divided into two to three daily doses. Administer the drops directly into the back of the mouth and swallow or mix with juice. On small skin wounds or cuts, add a few drops of the extract and leave to dry naturally.<\/div>\n<\/div>\n<\/div>\n<\/div>\n<\/div>\n<\/div>\n<\/div>\n<\/div>\n<\/div>\n<\/div>\n<\/div>\n<\/div>\n<\/div>\n<\/div>\n<\/div>\n<\/div>\n<\/div>\n<\/div>\n<\/div>\n<\/div>\n<\/div>\n<\/div>\n<\/div>\n<\/div>","protected":false},"excerpt":{"rendered":"<p>Alcoholic Propolis Extract. Ingredients: Ethanol, Purified Water, Propolis and its natural bioflavonoids such as Galangin.<\/p>\n<p>Dilute 20 to 60 drops in a glass of water or tea, divided into two or three daily doses.<\/p>","protected":false},"featured_media":1783,"comment_status":"open","ping_status":"closed","template":"","meta":[],"product_brand":[],"product_cat":[32],"product_tag":[],"class_list":{"0":"post-1759","1":"product","2":"type-product","3":"status-publish","4":"has-post-thumbnail","6":"product_cat-propolis","8":"first","9":"instock","10":"taxable","11":"shipping-taxable","12":"purchasable","13":"product-type-simple"},"yoast_head":"<!-- This site is optimized with the Yoast SEO plugin v27.5 - https:\/\/yoast.com\/product\/yoast-seo-wordpress\/ -->\n<title>Pr\u00f3polis - Mel Pirata<\/title>\n<meta name=\"robots\" content=\"index, follow, max-snippet:-1, max-image-preview:large, max-video-preview:-1\" \/>\n<link rel=\"canonical\" href=\"https:\/\/melpirata.pt\/en\/product\/propolis\/\" \/>\n<meta property=\"og:locale\" content=\"en_GB\" \/>\n<meta property=\"og:type\" content=\"article\" \/>\n<meta property=\"og:title\" content=\"Pr\u00f3polis - Mel Pirata\" \/>\n<meta property=\"og:description\" content=\"Extrato Alco\u00f3lico de Pr\u00f3polis. Ingredientes: Etanol, \u00c1gua Purificada, Pr\u00f3polis e seus bioflavon\u00f3ides naturais como Galangina.  Diluir num copo de \u00e1gua ou ch\u00e1 entre 20 a 60 gotas divididas em duas a tr\u00eas tomas di\u00e1rias.\" \/>\n<meta property=\"og:url\" content=\"https:\/\/melpirata.pt\/en\/product\/propolis\/\" \/>\n<meta property=\"og:site_name\" content=\"Mel Pirata\" \/>\n<meta property=\"article:modified_time\" content=\"2026-02-10T09:54:16+00:00\" \/>\n<meta property=\"og:image\" content=\"https:\/\/melpirata.pt\/wp-content\/uploads\/2025\/03\/IMG_8175.jpg\" \/>\n\t<meta property=\"og:image:width\" content=\"1500\" \/>\n\t<meta property=\"og:image:height\" content=\"2000\" \/>\n\t<meta property=\"og:image:type\" content=\"image\/jpeg\" \/>\n<meta name=\"twitter:card\" content=\"summary_large_image\" \/>\n<meta name=\"twitter:label1\" content=\"Estimated reading time\" \/>\n\t<meta name=\"twitter:data1\" content=\"1 minute\" \/>\n<script type=\"application\/ld+json\" class=\"yoast-schema-graph\">{\"@context\":\"https:\\\/\\\/schema.org\",\"@graph\":[{\"@type\":\"WebPage\",\"@id\":\"https:\\\/\\\/melpirata.pt\\\/produto\\\/propolis\\\/\",\"url\":\"https:\\\/\\\/melpirata.pt\\\/produto\\\/propolis\\\/\",\"name\":\"Pr\u00f3polis - Mel Pirata\",\"isPartOf\":{\"@id\":\"https:\\\/\\\/melpirata.pt\\\/#website\"},\"primaryImageOfPage\":{\"@id\":\"https:\\\/\\\/melpirata.pt\\\/produto\\\/propolis\\\/#primaryimage\"},\"image\":{\"@id\":\"https:\\\/\\\/melpirata.pt\\\/produto\\\/propolis\\\/#primaryimage\"},\"thumbnailUrl\":\"https:\\\/\\\/melpirata.pt\\\/wp-content\\\/uploads\\\/2025\\\/03\\\/IMG_8175.jpg\",\"datePublished\":\"2025-03-11T15:32:01+00:00\",\"dateModified\":\"2026-02-10T09:54:16+00:00\",\"breadcrumb\":{\"@id\":\"https:\\\/\\\/melpirata.pt\\\/produto\\\/propolis\\\/#breadcrumb\"},\"inLanguage\":\"en-GB\",\"potentialAction\":[{\"@type\":\"ReadAction\",\"target\":[\"https:\\\/\\\/melpirata.pt\\\/produto\\\/propolis\\\/\"]}]},{\"@type\":\"ImageObject\",\"inLanguage\":\"en-GB\",\"@id\":\"https:\\\/\\\/melpirata.pt\\\/produto\\\/propolis\\\/#primaryimage\",\"url\":\"https:\\\/\\\/melpirata.pt\\\/wp-content\\\/uploads\\\/2025\\\/03\\\/IMG_8175.jpg\",\"contentUrl\":\"https:\\\/\\\/melpirata.pt\\\/wp-content\\\/uploads\\\/2025\\\/03\\\/IMG_8175.jpg\",\"width\":1500,\"height\":2000},{\"@type\":\"BreadcrumbList\",\"@id\":\"https:\\\/\\\/melpirata.pt\\\/produto\\\/propolis\\\/#breadcrumb\",\"itemListElement\":[{\"@type\":\"ListItem\",\"position\":1,\"name\":\"In\u00edcio\",\"item\":\"https:\\\/\\\/melpirata.pt\\\/\"},{\"@type\":\"ListItem\",\"position\":2,\"name\":\"Loja\",\"item\":\"https:\\\/\\\/melpirata.pt\\\/loja\\\/\"},{\"@type\":\"ListItem\",\"position\":3,\"name\":\"Pr\u00f3polis\"}]},{\"@type\":\"WebSite\",\"@id\":\"https:\\\/\\\/melpirata.pt\\\/#website\",\"url\":\"https:\\\/\\\/melpirata.pt\\\/\",\"name\":\"Mel Pirata\",\"description\":\"Produto do Alentejo\",\"publisher\":{\"@id\":\"https:\\\/\\\/melpirata.pt\\\/#organization\"},\"potentialAction\":[{\"@type\":\"SearchAction\",\"target\":{\"@type\":\"EntryPoint\",\"urlTemplate\":\"https:\\\/\\\/melpirata.pt\\\/?s={search_term_string}\"},\"query-input\":{\"@type\":\"PropertyValueSpecification\",\"valueRequired\":true,\"valueName\":\"search_term_string\"}}],\"inLanguage\":\"en-GB\"},{\"@type\":\"Organization\",\"@id\":\"https:\\\/\\\/melpirata.pt\\\/#organization\",\"name\":\"Mel Pirata\",\"url\":\"https:\\\/\\\/melpirata.pt\\\/\",\"logo\":{\"@type\":\"ImageObject\",\"inLanguage\":\"en-GB\",\"@id\":\"https:\\\/\\\/melpirata.pt\\\/#\\\/schema\\\/logo\\\/image\\\/\",\"url\":\"https:\\\/\\\/melpirata.pt\\\/wp-content\\\/uploads\\\/2024\\\/04\\\/logo-melpirata-black.jpg\",\"contentUrl\":\"https:\\\/\\\/melpirata.pt\\\/wp-content\\\/uploads\\\/2024\\\/04\\\/logo-melpirata-black.jpg\",\"width\":696,\"height\":696,\"caption\":\"Mel Pirata\"},\"image\":{\"@id\":\"https:\\\/\\\/melpirata.pt\\\/#\\\/schema\\\/logo\\\/image\\\/\"},\"sameAs\":[\"https:\\\/\\\/www.instagram.com\\\/mel.pirata\"]}]}<\/script>\n<!-- \/ Yoast SEO plugin. -->","yoast_head_json":{"title":"Pr\u00f3polis - Mel Pirata","robots":{"index":"index","follow":"follow","max-snippet":"max-snippet:-1","max-image-preview":"max-image-preview:large","max-video-preview":"max-video-preview:-1"},"canonical":"https:\/\/melpirata.pt\/en\/product\/propolis\/","og_locale":"en_GB","og_type":"article","og_title":"Pr\u00f3polis - Mel Pirata","og_description":"Extrato Alco\u00f3lico de Pr\u00f3polis. Ingredientes: Etanol, \u00c1gua Purificada, Pr\u00f3polis e seus bioflavon\u00f3ides naturais como Galangina.  Diluir num copo de \u00e1gua ou ch\u00e1 entre 20 a 60 gotas divididas em duas a tr\u00eas tomas di\u00e1rias.","og_url":"https:\/\/melpirata.pt\/en\/product\/propolis\/","og_site_name":"Mel Pirata","article_modified_time":"2026-02-10T09:54:16+00:00","og_image":[{"width":1500,"height":2000,"url":"https:\/\/melpirata.pt\/wp-content\/uploads\/2025\/03\/IMG_8175.jpg","type":"image\/jpeg"}],"twitter_card":"summary_large_image","twitter_misc":{"Estimated reading time":"1 minute"},"schema":{"@context":"https:\/\/schema.org","@graph":[{"@type":"WebPage","@id":"https:\/\/melpirata.pt\/produto\/propolis\/","url":"https:\/\/melpirata.pt\/produto\/propolis\/","name":"Pr\u00f3polis - Mel Pirata","isPartOf":{"@id":"https:\/\/melpirata.pt\/#website"},"primaryImageOfPage":{"@id":"https:\/\/melpirata.pt\/produto\/propolis\/#primaryimage"},"image":{"@id":"https:\/\/melpirata.pt\/produto\/propolis\/#primaryimage"},"thumbnailUrl":"https:\/\/melpirata.pt\/wp-content\/uploads\/2025\/03\/IMG_8175.jpg","datePublished":"2025-03-11T15:32:01+00:00","dateModified":"2026-02-10T09:54:16+00:00","breadcrumb":{"@id":"https:\/\/melpirata.pt\/produto\/propolis\/#breadcrumb"},"inLanguage":"en-GB","potentialAction":[{"@type":"ReadAction","target":["https:\/\/melpirata.pt\/produto\/propolis\/"]}]},{"@type":"ImageObject","inLanguage":"en-GB","@id":"https:\/\/melpirata.pt\/produto\/propolis\/#primaryimage","url":"https:\/\/melpirata.pt\/wp-content\/uploads\/2025\/03\/IMG_8175.jpg","contentUrl":"https:\/\/melpirata.pt\/wp-content\/uploads\/2025\/03\/IMG_8175.jpg","width":1500,"height":2000},{"@type":"BreadcrumbList","@id":"https:\/\/melpirata.pt\/produto\/propolis\/#breadcrumb","itemListElement":[{"@type":"ListItem","position":1,"name":"In\u00edcio","item":"https:\/\/melpirata.pt\/"},{"@type":"ListItem","position":2,"name":"Loja","item":"https:\/\/melpirata.pt\/loja\/"},{"@type":"ListItem","position":3,"name":"Pr\u00f3polis"}]},{"@type":"WebSite","@id":"https:\/\/melpirata.pt\/#website","url":"https:\/\/melpirata.pt\/","name":"Mel Pirata","description":"Product of Alentejo","publisher":{"@id":"https:\/\/melpirata.pt\/#organization"},"potentialAction":[{"@type":"SearchAction","target":{"@type":"EntryPoint","urlTemplate":"https:\/\/melpirata.pt\/?s={search_term_string}"},"query-input":{"@type":"PropertyValueSpecification","valueRequired":true,"valueName":"search_term_string"}}],"inLanguage":"en-GB"},{"@type":"Organization","@id":"https:\/\/melpirata.pt\/#organization","name":"Mel Pirata","url":"https:\/\/melpirata.pt\/","logo":{"@type":"ImageObject","inLanguage":"en-GB","@id":"https:\/\/melpirata.pt\/#\/schema\/logo\/image\/","url":"https:\/\/melpirata.pt\/wp-content\/uploads\/2024\/04\/logo-melpirata-black.jpg","contentUrl":"https:\/\/melpirata.pt\/wp-content\/uploads\/2024\/04\/logo-melpirata-black.jpg","width":696,"height":696,"caption":"Mel Pirata"},"image":{"@id":"https:\/\/melpirata.pt\/#\/schema\/logo\/image\/"},"sameAs":["https:\/\/www.instagram.com\/mel.pirata"]}]}},"_links":{"self":[{"href":"https:\/\/melpirata.pt\/en\/wp-json\/wp\/v2\/product\/1759","targetHints":{"allow":["GET"]}}],"collection":[{"href":"https:\/\/melpirata.pt\/en\/wp-json\/wp\/v2\/product"}],"about":[{"href":"https:\/\/melpirata.pt\/en\/wp-json\/wp\/v2\/types\/product"}],"replies":[{"embeddable":true,"href":"https:\/\/melpirata.pt\/en\/wp-json\/wp\/v2\/comments?post=1759"}],"wp:featuredmedia":[{"embeddable":true,"href":"https:\/\/melpirata.pt\/en\/wp-json\/wp\/v2\/media\/1783"}],"wp:attachment":[{"href":"https:\/\/melpirata.pt\/en\/wp-json\/wp\/v2\/media?parent=1759"}],"wp:term":[{"taxonomy":"product_brand","embeddable":true,"href":"https:\/\/melpirata.pt\/en\/wp-json\/wp\/v2\/product_brand?post=1759"},{"taxonomy":"product_cat","embeddable":true,"href":"https:\/\/melpirata.pt\/en\/wp-json\/wp\/v2\/product_cat?post=1759"},{"taxonomy":"product_tag","embeddable":true,"href":"https:\/\/melpirata.pt\/en\/wp-json\/wp\/v2\/product_tag?post=1759"}],"curies":[{"name":"wp","href":"https:\/\/api.w.org\/{rel}","templated":true}]}}