{"id":1946,"date":"2025-10-15T18:10:38","date_gmt":"2025-10-15T17:10:38","guid":{"rendered":"https:\/\/melpirata.pt\/?post_type=product&#038;p=1946"},"modified":"2025-11-14T16:06:57","modified_gmt":"2025-11-14T16:06:57","slug":"vela-aromatica-horizon-180g","status":"publish","type":"product","link":"https:\/\/melpirata.pt\/en\/product\/vela-aromatica-horizon-180g\/","title":{"rendered":"Horizon (180g)"},"content":{"rendered":"<p class=\"p1\">With Horizon, we light much more than candles, we light emotions, memories and states of mind. Each flame is a promise: to transform the now into an instant of pause, presence and beauty.<\/p>\n<p class=\"p1\">We are inspired by the horizon, that point where everything begins and everything meets, heaven and earth, dream and reality, the intimate and the infinite. That's where our imagination lives. And that's where we invite you to travel every time a Horizon candle is lit.<\/p>\n<p class=\"p1\">Our collection is made up of eight distinct scents, each created as a unique sensory landscape. The number 8, symbolising balance, continuity and expansion, reflects our vision: a cycle of experiences that renew themselves, connecting body, mind and space in harmony.<\/p>\n<p class=\"p1\">Each fragrance is thought of as a destination:<\/p>\n<ul>\n<li class=\"p1\">A place you inhabit without leaving home.<\/li>\n<li class=\"p1\">A suspended time, where the air dances with the scent.<\/li>\n<li class=\"p1\">A haven for the senses, shaped by delicate, natural and deeply evocative olfactory notes.<\/li>\n<\/ul>\n<p class=\"p1\">We work with natural waxes, refined aromatic oils and intentional design, because we believe that well-being is in the details and that sustainability can also be luxurious.<\/p>\n<p class=\"p1\">Horizon is more than a brand, it's an invitation to balance, contemplation and freedom of feeling, it's the scent of what you're looking for, it's the light of a new beginning.<\/p>\n<p class=\"p1\"><strong>Light up. Breathe. Explore your horizon...<\/strong><\/p>","protected":false},"excerpt":{"rendered":"<p>Available in 8 fragrances. Select yours below.<\/p>","protected":false},"featured_media":2007,"comment_status":"open","ping_status":"closed","template":"","meta":[],"product_brand":[],"product_cat":[35],"product_tag":[],"class_list":{"0":"post-1946","1":"product","2":"type-product","3":"status-publish","4":"has-post-thumbnail","6":"product_cat-velas-aromaticas","8":"first","9":"instock","10":"taxable","11":"shipping-taxable","12":"purchasable","13":"product-type-variable"},"yoast_head":"<!-- This site is optimized with the Yoast SEO plugin v27.5 - https:\/\/yoast.com\/product\/yoast-seo-wordpress\/ -->\n<title>Horizon (180g) - Vela Arom\u00e1tica | Mel Pirata<\/title>\n<meta name=\"description\" content=\"A nossa cole\u00e7\u00e3o de velas \u00e9 composta por oito aromas distintos, cada um criado como uma paisagem sensorial \u00fanica. Acende. Respira. Explora o teu horizonte...\" \/>\n<meta name=\"robots\" content=\"index, follow, max-snippet:-1, max-image-preview:large, max-video-preview:-1\" \/>\n<link rel=\"canonical\" href=\"https:\/\/melpirata.pt\/en\/product\/vela-aromatica-horizon-180g\/\" \/>\n<meta property=\"og:locale\" content=\"en_GB\" \/>\n<meta property=\"og:type\" content=\"article\" \/>\n<meta property=\"og:title\" content=\"Horizon (180g) - Vela Arom\u00e1tica | Mel Pirata\" \/>\n<meta property=\"og:description\" content=\"A nossa cole\u00e7\u00e3o de velas \u00e9 composta por oito aromas distintos, cada um criado como uma paisagem sensorial \u00fanica. Acende. Respira. Explora o teu horizonte...\" \/>\n<meta property=\"og:url\" content=\"https:\/\/melpirata.pt\/en\/product\/vela-aromatica-horizon-180g\/\" \/>\n<meta property=\"og:site_name\" content=\"Mel Pirata\" \/>\n<meta property=\"article:modified_time\" content=\"2025-11-14T16:06:57+00:00\" \/>\n<meta property=\"og:image\" content=\"https:\/\/melpirata.pt\/wp-content\/uploads\/2025\/11\/1jow_e.jpg\" \/>\n\t<meta property=\"og:image:width\" content=\"1494\" \/>\n\t<meta property=\"og:image:height\" content=\"2048\" \/>\n\t<meta property=\"og:image:type\" content=\"image\/jpeg\" \/>\n<meta name=\"twitter:card\" content=\"summary_large_image\" \/>\n<meta name=\"twitter:label1\" content=\"Estimated reading time\" \/>\n\t<meta name=\"twitter:data1\" content=\"2 minutes\" \/>\n<script type=\"application\/ld+json\" class=\"yoast-schema-graph\">{\"@context\":\"https:\\\/\\\/schema.org\",\"@graph\":[{\"@type\":\"WebPage\",\"@id\":\"https:\\\/\\\/melpirata.pt\\\/produto\\\/vela-aromatica-horizon-180g\\\/\",\"url\":\"https:\\\/\\\/melpirata.pt\\\/produto\\\/vela-aromatica-horizon-180g\\\/\",\"name\":\"Horizon (180g) - Vela Arom\u00e1tica | Mel Pirata\",\"isPartOf\":{\"@id\":\"https:\\\/\\\/melpirata.pt\\\/#website\"},\"primaryImageOfPage\":{\"@id\":\"https:\\\/\\\/melpirata.pt\\\/produto\\\/vela-aromatica-horizon-180g\\\/#primaryimage\"},\"image\":{\"@id\":\"https:\\\/\\\/melpirata.pt\\\/produto\\\/vela-aromatica-horizon-180g\\\/#primaryimage\"},\"thumbnailUrl\":\"https:\\\/\\\/melpirata.pt\\\/wp-content\\\/uploads\\\/2025\\\/11\\\/1jow_e.jpg\",\"datePublished\":\"2025-10-15T17:10:38+00:00\",\"dateModified\":\"2025-11-14T16:06:57+00:00\",\"description\":\"A nossa cole\u00e7\u00e3o de velas \u00e9 composta por oito aromas distintos, cada um criado como uma paisagem sensorial \u00fanica. Acende. Respira. Explora o teu horizonte...\",\"breadcrumb\":{\"@id\":\"https:\\\/\\\/melpirata.pt\\\/produto\\\/vela-aromatica-horizon-180g\\\/#breadcrumb\"},\"inLanguage\":\"en-GB\",\"potentialAction\":[{\"@type\":\"ReadAction\",\"target\":[\"https:\\\/\\\/melpirata.pt\\\/produto\\\/vela-aromatica-horizon-180g\\\/\"]}]},{\"@type\":\"ImageObject\",\"inLanguage\":\"en-GB\",\"@id\":\"https:\\\/\\\/melpirata.pt\\\/produto\\\/vela-aromatica-horizon-180g\\\/#primaryimage\",\"url\":\"https:\\\/\\\/melpirata.pt\\\/wp-content\\\/uploads\\\/2025\\\/11\\\/1jow_e.jpg\",\"contentUrl\":\"https:\\\/\\\/melpirata.pt\\\/wp-content\\\/uploads\\\/2025\\\/11\\\/1jow_e.jpg\",\"width\":1494,\"height\":2048},{\"@type\":\"BreadcrumbList\",\"@id\":\"https:\\\/\\\/melpirata.pt\\\/produto\\\/vela-aromatica-horizon-180g\\\/#breadcrumb\",\"itemListElement\":[{\"@type\":\"ListItem\",\"position\":1,\"name\":\"In\u00edcio\",\"item\":\"https:\\\/\\\/melpirata.pt\\\/\"},{\"@type\":\"ListItem\",\"position\":2,\"name\":\"Loja\",\"item\":\"https:\\\/\\\/melpirata.pt\\\/loja\\\/\"},{\"@type\":\"ListItem\",\"position\":3,\"name\":\"Horizon (180g)\"}]},{\"@type\":\"WebSite\",\"@id\":\"https:\\\/\\\/melpirata.pt\\\/#website\",\"url\":\"https:\\\/\\\/melpirata.pt\\\/\",\"name\":\"Mel Pirata\",\"description\":\"Produto do Alentejo\",\"publisher\":{\"@id\":\"https:\\\/\\\/melpirata.pt\\\/#organization\"},\"potentialAction\":[{\"@type\":\"SearchAction\",\"target\":{\"@type\":\"EntryPoint\",\"urlTemplate\":\"https:\\\/\\\/melpirata.pt\\\/?s={search_term_string}\"},\"query-input\":{\"@type\":\"PropertyValueSpecification\",\"valueRequired\":true,\"valueName\":\"search_term_string\"}}],\"inLanguage\":\"en-GB\"},{\"@type\":\"Organization\",\"@id\":\"https:\\\/\\\/melpirata.pt\\\/#organization\",\"name\":\"Mel Pirata\",\"url\":\"https:\\\/\\\/melpirata.pt\\\/\",\"logo\":{\"@type\":\"ImageObject\",\"inLanguage\":\"en-GB\",\"@id\":\"https:\\\/\\\/melpirata.pt\\\/#\\\/schema\\\/logo\\\/image\\\/\",\"url\":\"https:\\\/\\\/melpirata.pt\\\/wp-content\\\/uploads\\\/2024\\\/04\\\/logo-melpirata-black.jpg\",\"contentUrl\":\"https:\\\/\\\/melpirata.pt\\\/wp-content\\\/uploads\\\/2024\\\/04\\\/logo-melpirata-black.jpg\",\"width\":696,\"height\":696,\"caption\":\"Mel Pirata\"},\"image\":{\"@id\":\"https:\\\/\\\/melpirata.pt\\\/#\\\/schema\\\/logo\\\/image\\\/\"},\"sameAs\":[\"https:\\\/\\\/www.instagram.com\\\/mel.pirata\"]}]}<\/script>\n<!-- \/ Yoast SEO plugin. -->","yoast_head_json":{"title":"Horizon (180g) - Vela Arom\u00e1tica | Mel Pirata","description":"A nossa cole\u00e7\u00e3o de velas \u00e9 composta por oito aromas distintos, cada um criado como uma paisagem sensorial \u00fanica. Acende. Respira. Explora o teu horizonte...","robots":{"index":"index","follow":"follow","max-snippet":"max-snippet:-1","max-image-preview":"max-image-preview:large","max-video-preview":"max-video-preview:-1"},"canonical":"https:\/\/melpirata.pt\/en\/product\/vela-aromatica-horizon-180g\/","og_locale":"en_GB","og_type":"article","og_title":"Horizon (180g) - Vela Arom\u00e1tica | Mel Pirata","og_description":"A nossa cole\u00e7\u00e3o de velas \u00e9 composta por oito aromas distintos, cada um criado como uma paisagem sensorial \u00fanica. Acende. Respira. Explora o teu horizonte...","og_url":"https:\/\/melpirata.pt\/en\/product\/vela-aromatica-horizon-180g\/","og_site_name":"Mel Pirata","article_modified_time":"2025-11-14T16:06:57+00:00","og_image":[{"width":1494,"height":2048,"url":"https:\/\/melpirata.pt\/wp-content\/uploads\/2025\/11\/1jow_e.jpg","type":"image\/jpeg"}],"twitter_card":"summary_large_image","twitter_misc":{"Estimated reading time":"2 minutes"},"schema":{"@context":"https:\/\/schema.org","@graph":[{"@type":"WebPage","@id":"https:\/\/melpirata.pt\/produto\/vela-aromatica-horizon-180g\/","url":"https:\/\/melpirata.pt\/produto\/vela-aromatica-horizon-180g\/","name":"Horizon (180g) - Vela Arom\u00e1tica | Mel Pirata","isPartOf":{"@id":"https:\/\/melpirata.pt\/#website"},"primaryImageOfPage":{"@id":"https:\/\/melpirata.pt\/produto\/vela-aromatica-horizon-180g\/#primaryimage"},"image":{"@id":"https:\/\/melpirata.pt\/produto\/vela-aromatica-horizon-180g\/#primaryimage"},"thumbnailUrl":"https:\/\/melpirata.pt\/wp-content\/uploads\/2025\/11\/1jow_e.jpg","datePublished":"2025-10-15T17:10:38+00:00","dateModified":"2025-11-14T16:06:57+00:00","description":"A nossa cole\u00e7\u00e3o de velas \u00e9 composta por oito aromas distintos, cada um criado como uma paisagem sensorial \u00fanica. Acende. Respira. Explora o teu horizonte...","breadcrumb":{"@id":"https:\/\/melpirata.pt\/produto\/vela-aromatica-horizon-180g\/#breadcrumb"},"inLanguage":"en-GB","potentialAction":[{"@type":"ReadAction","target":["https:\/\/melpirata.pt\/produto\/vela-aromatica-horizon-180g\/"]}]},{"@type":"ImageObject","inLanguage":"en-GB","@id":"https:\/\/melpirata.pt\/produto\/vela-aromatica-horizon-180g\/#primaryimage","url":"https:\/\/melpirata.pt\/wp-content\/uploads\/2025\/11\/1jow_e.jpg","contentUrl":"https:\/\/melpirata.pt\/wp-content\/uploads\/2025\/11\/1jow_e.jpg","width":1494,"height":2048},{"@type":"BreadcrumbList","@id":"https:\/\/melpirata.pt\/produto\/vela-aromatica-horizon-180g\/#breadcrumb","itemListElement":[{"@type":"ListItem","position":1,"name":"In\u00edcio","item":"https:\/\/melpirata.pt\/"},{"@type":"ListItem","position":2,"name":"Loja","item":"https:\/\/melpirata.pt\/loja\/"},{"@type":"ListItem","position":3,"name":"Horizon (180g)"}]},{"@type":"WebSite","@id":"https:\/\/melpirata.pt\/#website","url":"https:\/\/melpirata.pt\/","name":"Mel Pirata","description":"Product of Alentejo","publisher":{"@id":"https:\/\/melpirata.pt\/#organization"},"potentialAction":[{"@type":"SearchAction","target":{"@type":"EntryPoint","urlTemplate":"https:\/\/melpirata.pt\/?s={search_term_string}"},"query-input":{"@type":"PropertyValueSpecification","valueRequired":true,"valueName":"search_term_string"}}],"inLanguage":"en-GB"},{"@type":"Organization","@id":"https:\/\/melpirata.pt\/#organization","name":"Mel Pirata","url":"https:\/\/melpirata.pt\/","logo":{"@type":"ImageObject","inLanguage":"en-GB","@id":"https:\/\/melpirata.pt\/#\/schema\/logo\/image\/","url":"https:\/\/melpirata.pt\/wp-content\/uploads\/2024\/04\/logo-melpirata-black.jpg","contentUrl":"https:\/\/melpirata.pt\/wp-content\/uploads\/2024\/04\/logo-melpirata-black.jpg","width":696,"height":696,"caption":"Mel Pirata"},"image":{"@id":"https:\/\/melpirata.pt\/#\/schema\/logo\/image\/"},"sameAs":["https:\/\/www.instagram.com\/mel.pirata"]}]}},"_links":{"self":[{"href":"https:\/\/melpirata.pt\/en\/wp-json\/wp\/v2\/product\/1946","targetHints":{"allow":["GET"]}}],"collection":[{"href":"https:\/\/melpirata.pt\/en\/wp-json\/wp\/v2\/product"}],"about":[{"href":"https:\/\/melpirata.pt\/en\/wp-json\/wp\/v2\/types\/product"}],"replies":[{"embeddable":true,"href":"https:\/\/melpirata.pt\/en\/wp-json\/wp\/v2\/comments?post=1946"}],"wp:featuredmedia":[{"embeddable":true,"href":"https:\/\/melpirata.pt\/en\/wp-json\/wp\/v2\/media\/2007"}],"wp:attachment":[{"href":"https:\/\/melpirata.pt\/en\/wp-json\/wp\/v2\/media?parent=1946"}],"wp:term":[{"taxonomy":"product_brand","embeddable":true,"href":"https:\/\/melpirata.pt\/en\/wp-json\/wp\/v2\/product_brand?post=1946"},{"taxonomy":"product_cat","embeddable":true,"href":"https:\/\/melpirata.pt\/en\/wp-json\/wp\/v2\/product_cat?post=1946"},{"taxonomy":"product_tag","embeddable":true,"href":"https:\/\/melpirata.pt\/en\/wp-json\/wp\/v2\/product_tag?post=1946"}],"curies":[{"name":"wp","href":"https:\/\/api.w.org\/{rel}","templated":true}]}}