{"id":195,"date":"2024-03-03T18:15:51","date_gmt":"2024-03-03T18:15:51","guid":{"rendered":"https:\/\/melpirata.pt\/?post_type=product&#038;p=195"},"modified":"2025-11-14T12:58:49","modified_gmt":"2025-11-14T12:58:49","slug":"kit-aristeu","status":"publish","type":"product","link":"https:\/\/melpirata.pt\/en\/product\/kit-aristeu\/","title":{"rendered":"Aristeu kit"},"content":{"rendered":"<p>In this set we have gathered the best of our Treasures, expect a unique tasting experience with the guarantee of purity that this family and local production can provide.<\/p>\n<p>With the protagonist Gold 314ml (425gr) pack, we find our most popular honey. Your toast and tea will take on a whole new flavour.<\/p>\n<p>Ruby in 100ml (150grs) is our rarest treasure, with its woody wild flavour, perfect to accompany cheeses, season your cooking and salads.<\/p>\n<p>Pollen 100ml (60grs) is also considered one of the most complete foods available, with a velvety texture and unique flavour.<\/p>\n<p>We've added a Large Wax Candle and a Wooden Honey Spoon to this set.<\/p>","protected":false},"excerpt":{"rendered":"<p>Gold 314ml (425grs) + Ruby 100ml (150grs) + Pollen 100ml (60grs) + Rolled Wax Candle 40grs and Wooden Spoon for Honey<\/p>","protected":false},"featured_media":1653,"comment_status":"open","ping_status":"closed","template":"","meta":[],"product_brand":[],"product_cat":[22],"product_tag":[],"class_list":{"0":"post-195","1":"product","2":"type-product","3":"status-publish","4":"has-post-thumbnail","6":"product_cat-kits","8":"first","9":"instock","10":"taxable","11":"shipping-taxable","12":"purchasable","13":"product-type-simple"},"yoast_head":"<!-- This site is optimized with the Yoast SEO plugin v27.5 - https:\/\/yoast.com\/product\/yoast-seo-wordpress\/ -->\n<title>Kit Aristeu - Para Degustar os Nossos Produtos | Mel Pirata<\/title>\n<meta name=\"description\" content=\"Neste conjunto temos reunidos os melhores dos nossos Tesouros, espere uma experi\u00eancia de degusta\u00e7\u00e3o \u00fanica com a garantia de pureza que esta produ\u00e7\u00e3o familiar e local lhe pode proporcionar.\" \/>\n<meta name=\"robots\" content=\"index, follow, max-snippet:-1, max-image-preview:large, max-video-preview:-1\" \/>\n<link rel=\"canonical\" href=\"https:\/\/melpirata.pt\/en\/product\/kit-aristeu\/\" \/>\n<meta property=\"og:locale\" content=\"en_GB\" \/>\n<meta property=\"og:type\" content=\"article\" \/>\n<meta property=\"og:title\" content=\"Kit Aristeu - Para Degustar os Nossos Produtos | Mel Pirata\" \/>\n<meta property=\"og:description\" content=\"Neste conjunto temos reunidos os melhores dos nossos Tesouros, espere uma experi\u00eancia de degusta\u00e7\u00e3o \u00fanica com a garantia de pureza que esta produ\u00e7\u00e3o familiar e local lhe pode proporcionar.\" \/>\n<meta property=\"og:url\" content=\"https:\/\/melpirata.pt\/en\/product\/kit-aristeu\/\" \/>\n<meta property=\"og:site_name\" content=\"Mel Pirata\" \/>\n<meta property=\"article:modified_time\" content=\"2025-11-14T12:58:49+00:00\" \/>\n<meta property=\"og:image\" content=\"https:\/\/melpirata.pt\/wp-content\/uploads\/2025\/01\/aristeu-ff1.jpg\" \/>\n\t<meta property=\"og:image:width\" content=\"1125\" \/>\n\t<meta property=\"og:image:height\" content=\"1500\" \/>\n\t<meta property=\"og:image:type\" content=\"image\/jpeg\" \/>\n<meta name=\"twitter:card\" content=\"summary_large_image\" \/>\n<meta name=\"twitter:label1\" content=\"Estimated reading time\" \/>\n\t<meta name=\"twitter:data1\" content=\"1 minute\" \/>\n<script type=\"application\/ld+json\" class=\"yoast-schema-graph\">{\"@context\":\"https:\\\/\\\/schema.org\",\"@graph\":[{\"@type\":\"WebPage\",\"@id\":\"https:\\\/\\\/melpirata.pt\\\/produto\\\/kit-aristeu\\\/\",\"url\":\"https:\\\/\\\/melpirata.pt\\\/produto\\\/kit-aristeu\\\/\",\"name\":\"Kit Aristeu - Para Degustar os Nossos Produtos | Mel Pirata\",\"isPartOf\":{\"@id\":\"https:\\\/\\\/melpirata.pt\\\/#website\"},\"primaryImageOfPage\":{\"@id\":\"https:\\\/\\\/melpirata.pt\\\/produto\\\/kit-aristeu\\\/#primaryimage\"},\"image\":{\"@id\":\"https:\\\/\\\/melpirata.pt\\\/produto\\\/kit-aristeu\\\/#primaryimage\"},\"thumbnailUrl\":\"https:\\\/\\\/melpirata.pt\\\/wp-content\\\/uploads\\\/2025\\\/01\\\/aristeu-ff1.jpg\",\"datePublished\":\"2024-03-03T18:15:51+00:00\",\"dateModified\":\"2025-11-14T12:58:49+00:00\",\"description\":\"Neste conjunto temos reunidos os melhores dos nossos Tesouros, espere uma experi\u00eancia de degusta\u00e7\u00e3o \u00fanica com a garantia de pureza que esta produ\u00e7\u00e3o familiar e local lhe pode proporcionar.\",\"breadcrumb\":{\"@id\":\"https:\\\/\\\/melpirata.pt\\\/produto\\\/kit-aristeu\\\/#breadcrumb\"},\"inLanguage\":\"en-GB\",\"potentialAction\":[{\"@type\":\"ReadAction\",\"target\":[\"https:\\\/\\\/melpirata.pt\\\/produto\\\/kit-aristeu\\\/\"]}]},{\"@type\":\"ImageObject\",\"inLanguage\":\"en-GB\",\"@id\":\"https:\\\/\\\/melpirata.pt\\\/produto\\\/kit-aristeu\\\/#primaryimage\",\"url\":\"https:\\\/\\\/melpirata.pt\\\/wp-content\\\/uploads\\\/2025\\\/01\\\/aristeu-ff1.jpg\",\"contentUrl\":\"https:\\\/\\\/melpirata.pt\\\/wp-content\\\/uploads\\\/2025\\\/01\\\/aristeu-ff1.jpg\",\"width\":1125,\"height\":1500},{\"@type\":\"BreadcrumbList\",\"@id\":\"https:\\\/\\\/melpirata.pt\\\/produto\\\/kit-aristeu\\\/#breadcrumb\",\"itemListElement\":[{\"@type\":\"ListItem\",\"position\":1,\"name\":\"In\u00edcio\",\"item\":\"https:\\\/\\\/melpirata.pt\\\/\"},{\"@type\":\"ListItem\",\"position\":2,\"name\":\"Loja\",\"item\":\"https:\\\/\\\/melpirata.pt\\\/loja\\\/\"},{\"@type\":\"ListItem\",\"position\":3,\"name\":\"Kit Aristeu\"}]},{\"@type\":\"WebSite\",\"@id\":\"https:\\\/\\\/melpirata.pt\\\/#website\",\"url\":\"https:\\\/\\\/melpirata.pt\\\/\",\"name\":\"Mel Pirata\",\"description\":\"Produto do Alentejo\",\"publisher\":{\"@id\":\"https:\\\/\\\/melpirata.pt\\\/#organization\"},\"potentialAction\":[{\"@type\":\"SearchAction\",\"target\":{\"@type\":\"EntryPoint\",\"urlTemplate\":\"https:\\\/\\\/melpirata.pt\\\/?s={search_term_string}\"},\"query-input\":{\"@type\":\"PropertyValueSpecification\",\"valueRequired\":true,\"valueName\":\"search_term_string\"}}],\"inLanguage\":\"en-GB\"},{\"@type\":\"Organization\",\"@id\":\"https:\\\/\\\/melpirata.pt\\\/#organization\",\"name\":\"Mel Pirata\",\"url\":\"https:\\\/\\\/melpirata.pt\\\/\",\"logo\":{\"@type\":\"ImageObject\",\"inLanguage\":\"en-GB\",\"@id\":\"https:\\\/\\\/melpirata.pt\\\/#\\\/schema\\\/logo\\\/image\\\/\",\"url\":\"https:\\\/\\\/melpirata.pt\\\/wp-content\\\/uploads\\\/2024\\\/04\\\/logo-melpirata-black.jpg\",\"contentUrl\":\"https:\\\/\\\/melpirata.pt\\\/wp-content\\\/uploads\\\/2024\\\/04\\\/logo-melpirata-black.jpg\",\"width\":696,\"height\":696,\"caption\":\"Mel Pirata\"},\"image\":{\"@id\":\"https:\\\/\\\/melpirata.pt\\\/#\\\/schema\\\/logo\\\/image\\\/\"},\"sameAs\":[\"https:\\\/\\\/www.instagram.com\\\/mel.pirata\"]}]}<\/script>\n<!-- \/ Yoast SEO plugin. -->","yoast_head_json":{"title":"Kit Aristeu - Para Degustar os Nossos Produtos | Mel Pirata","description":"In this set we have gathered the best of our Treasures, expect a unique tasting experience with the guarantee of purity that this family and local production can provide.","robots":{"index":"index","follow":"follow","max-snippet":"max-snippet:-1","max-image-preview":"max-image-preview:large","max-video-preview":"max-video-preview:-1"},"canonical":"https:\/\/melpirata.pt\/en\/product\/kit-aristeu\/","og_locale":"en_GB","og_type":"article","og_title":"Kit Aristeu - Para Degustar os Nossos Produtos | Mel Pirata","og_description":"Neste conjunto temos reunidos os melhores dos nossos Tesouros, espere uma experi\u00eancia de degusta\u00e7\u00e3o \u00fanica com a garantia de pureza que esta produ\u00e7\u00e3o familiar e local lhe pode proporcionar.","og_url":"https:\/\/melpirata.pt\/en\/product\/kit-aristeu\/","og_site_name":"Mel Pirata","article_modified_time":"2025-11-14T12:58:49+00:00","og_image":[{"width":1125,"height":1500,"url":"https:\/\/melpirata.pt\/wp-content\/uploads\/2025\/01\/aristeu-ff1.jpg","type":"image\/jpeg"}],"twitter_card":"summary_large_image","twitter_misc":{"Estimated reading time":"1 minute"},"schema":{"@context":"https:\/\/schema.org","@graph":[{"@type":"WebPage","@id":"https:\/\/melpirata.pt\/produto\/kit-aristeu\/","url":"https:\/\/melpirata.pt\/produto\/kit-aristeu\/","name":"Kit Aristeu - Para Degustar os Nossos Produtos | Mel Pirata","isPartOf":{"@id":"https:\/\/melpirata.pt\/#website"},"primaryImageOfPage":{"@id":"https:\/\/melpirata.pt\/produto\/kit-aristeu\/#primaryimage"},"image":{"@id":"https:\/\/melpirata.pt\/produto\/kit-aristeu\/#primaryimage"},"thumbnailUrl":"https:\/\/melpirata.pt\/wp-content\/uploads\/2025\/01\/aristeu-ff1.jpg","datePublished":"2024-03-03T18:15:51+00:00","dateModified":"2025-11-14T12:58:49+00:00","description":"In this set we have gathered the best of our Treasures, expect a unique tasting experience with the guarantee of purity that this family and local production can provide.","breadcrumb":{"@id":"https:\/\/melpirata.pt\/produto\/kit-aristeu\/#breadcrumb"},"inLanguage":"en-GB","potentialAction":[{"@type":"ReadAction","target":["https:\/\/melpirata.pt\/produto\/kit-aristeu\/"]}]},{"@type":"ImageObject","inLanguage":"en-GB","@id":"https:\/\/melpirata.pt\/produto\/kit-aristeu\/#primaryimage","url":"https:\/\/melpirata.pt\/wp-content\/uploads\/2025\/01\/aristeu-ff1.jpg","contentUrl":"https:\/\/melpirata.pt\/wp-content\/uploads\/2025\/01\/aristeu-ff1.jpg","width":1125,"height":1500},{"@type":"BreadcrumbList","@id":"https:\/\/melpirata.pt\/produto\/kit-aristeu\/#breadcrumb","itemListElement":[{"@type":"ListItem","position":1,"name":"In\u00edcio","item":"https:\/\/melpirata.pt\/"},{"@type":"ListItem","position":2,"name":"Loja","item":"https:\/\/melpirata.pt\/loja\/"},{"@type":"ListItem","position":3,"name":"Kit Aristeu"}]},{"@type":"WebSite","@id":"https:\/\/melpirata.pt\/#website","url":"https:\/\/melpirata.pt\/","name":"Mel Pirata","description":"Product of Alentejo","publisher":{"@id":"https:\/\/melpirata.pt\/#organization"},"potentialAction":[{"@type":"SearchAction","target":{"@type":"EntryPoint","urlTemplate":"https:\/\/melpirata.pt\/?s={search_term_string}"},"query-input":{"@type":"PropertyValueSpecification","valueRequired":true,"valueName":"search_term_string"}}],"inLanguage":"en-GB"},{"@type":"Organization","@id":"https:\/\/melpirata.pt\/#organization","name":"Mel Pirata","url":"https:\/\/melpirata.pt\/","logo":{"@type":"ImageObject","inLanguage":"en-GB","@id":"https:\/\/melpirata.pt\/#\/schema\/logo\/image\/","url":"https:\/\/melpirata.pt\/wp-content\/uploads\/2024\/04\/logo-melpirata-black.jpg","contentUrl":"https:\/\/melpirata.pt\/wp-content\/uploads\/2024\/04\/logo-melpirata-black.jpg","width":696,"height":696,"caption":"Mel Pirata"},"image":{"@id":"https:\/\/melpirata.pt\/#\/schema\/logo\/image\/"},"sameAs":["https:\/\/www.instagram.com\/mel.pirata"]}]}},"_links":{"self":[{"href":"https:\/\/melpirata.pt\/en\/wp-json\/wp\/v2\/product\/195","targetHints":{"allow":["GET"]}}],"collection":[{"href":"https:\/\/melpirata.pt\/en\/wp-json\/wp\/v2\/product"}],"about":[{"href":"https:\/\/melpirata.pt\/en\/wp-json\/wp\/v2\/types\/product"}],"replies":[{"embeddable":true,"href":"https:\/\/melpirata.pt\/en\/wp-json\/wp\/v2\/comments?post=195"}],"wp:featuredmedia":[{"embeddable":true,"href":"https:\/\/melpirata.pt\/en\/wp-json\/wp\/v2\/media\/1653"}],"wp:attachment":[{"href":"https:\/\/melpirata.pt\/en\/wp-json\/wp\/v2\/media?parent=195"}],"wp:term":[{"taxonomy":"product_brand","embeddable":true,"href":"https:\/\/melpirata.pt\/en\/wp-json\/wp\/v2\/product_brand?post=195"},{"taxonomy":"product_cat","embeddable":true,"href":"https:\/\/melpirata.pt\/en\/wp-json\/wp\/v2\/product_cat?post=195"},{"taxonomy":"product_tag","embeddable":true,"href":"https:\/\/melpirata.pt\/en\/wp-json\/wp\/v2\/product_tag?post=195"}],"curies":[{"name":"wp","href":"https:\/\/api.w.org\/{rel}","templated":true}]}}