{"id":2072,"date":"2025-11-14T16:01:06","date_gmt":"2025-11-14T16:01:06","guid":{"rendered":"https:\/\/melpirata.pt\/?post_type=product&#038;p=2072"},"modified":"2025-11-20T15:08:27","modified_gmt":"2025-11-20T15:08:27","slug":"mel-cremoso-212ml","status":"publish","type":"product","link":"https:\/\/melpirata.pt\/en\/product\/mel-cremoso-212ml\/","title":{"rendered":"Creamed Honey (212ml)"},"content":{"rendered":"<p>Let this enchanted honey transform your days into a sweet pleasure.<\/p>\n<p>With a creamy texture born from the magic of Honey Gold's natural crystallisation, it's perfect for spreading smiles on bread, crowning cakes with flavour or sweetening the simplest moments.<\/p>\n<p>Try the other delights in this issue too.<\/p>","protected":false},"excerpt":{"rendered":"<p>Now available in 5 flavours. Select yours below.<\/p>","protected":false},"featured_media":2065,"comment_status":"open","ping_status":"closed","template":"","meta":[],"product_brand":[],"product_cat":[34],"product_tag":[],"class_list":{"0":"post-2072","1":"product","2":"type-product","3":"status-publish","4":"has-post-thumbnail","6":"product_cat-mel-cremoso","8":"first","9":"instock","10":"taxable","11":"shipping-taxable","12":"purchasable","13":"product-type-variable"},"yoast_head":"<!-- This site is optimized with the Yoast SEO plugin v27.5 - https:\/\/yoast.com\/product\/yoast-seo-wordpress\/ -->\n<title>Mel Cremoso (212ml) | Mel Pirata<\/title>\n<meta name=\"description\" content=\"Dispon\u00edvel em 5 sabores. Com uma textura cremosa nascida da magia da cristaliza\u00e7\u00e3o natural do Mel Gold, \u00e9 perfeito para espalhar sorrisos no p\u00e3o.\" \/>\n<meta name=\"robots\" content=\"index, follow, max-snippet:-1, max-image-preview:large, max-video-preview:-1\" \/>\n<link rel=\"canonical\" href=\"https:\/\/melpirata.pt\/en\/product\/mel-cremoso-212ml\/\" \/>\n<meta property=\"og:locale\" content=\"en_GB\" \/>\n<meta property=\"og:type\" content=\"article\" \/>\n<meta property=\"og:title\" content=\"Mel Cremoso (212ml) | Mel Pirata\" \/>\n<meta property=\"og:description\" content=\"Dispon\u00edvel em 5 sabores. Com uma textura cremosa nascida da magia da cristaliza\u00e7\u00e3o natural do Mel Gold, \u00e9 perfeito para espalhar sorrisos no p\u00e3o.\" \/>\n<meta property=\"og:url\" content=\"https:\/\/melpirata.pt\/en\/product\/mel-cremoso-212ml\/\" \/>\n<meta property=\"og:site_name\" content=\"Mel Pirata\" \/>\n<meta property=\"article:modified_time\" content=\"2025-11-20T15:08:27+00:00\" \/>\n<meta property=\"og:image\" content=\"https:\/\/melpirata.pt\/wp-content\/uploads\/2025\/11\/mel-cremoso-212.jpg\" \/>\n\t<meta property=\"og:image:width\" content=\"864\" \/>\n\t<meta property=\"og:image:height\" content=\"1184\" \/>\n\t<meta property=\"og:image:type\" content=\"image\/jpeg\" \/>\n<meta name=\"twitter:card\" content=\"summary_large_image\" \/>\n<meta name=\"twitter:label1\" content=\"Estimated reading time\" \/>\n\t<meta name=\"twitter:data1\" content=\"1 minute\" \/>\n<script type=\"application\/ld+json\" class=\"yoast-schema-graph\">{\"@context\":\"https:\\\/\\\/schema.org\",\"@graph\":[{\"@type\":\"WebPage\",\"@id\":\"https:\\\/\\\/melpirata.pt\\\/produto\\\/mel-cremoso-212ml\\\/\",\"url\":\"https:\\\/\\\/melpirata.pt\\\/produto\\\/mel-cremoso-212ml\\\/\",\"name\":\"Mel Cremoso (212ml) | Mel Pirata\",\"isPartOf\":{\"@id\":\"https:\\\/\\\/melpirata.pt\\\/#website\"},\"primaryImageOfPage\":{\"@id\":\"https:\\\/\\\/melpirata.pt\\\/produto\\\/mel-cremoso-212ml\\\/#primaryimage\"},\"image\":{\"@id\":\"https:\\\/\\\/melpirata.pt\\\/produto\\\/mel-cremoso-212ml\\\/#primaryimage\"},\"thumbnailUrl\":\"https:\\\/\\\/melpirata.pt\\\/wp-content\\\/uploads\\\/2025\\\/11\\\/mel-cremoso-212.jpg\",\"datePublished\":\"2025-11-14T16:01:06+00:00\",\"dateModified\":\"2025-11-20T15:08:27+00:00\",\"description\":\"Dispon\u00edvel em 5 sabores. Com uma textura cremosa nascida da magia da cristaliza\u00e7\u00e3o natural do Mel Gold, \u00e9 perfeito para espalhar sorrisos no p\u00e3o.\",\"breadcrumb\":{\"@id\":\"https:\\\/\\\/melpirata.pt\\\/produto\\\/mel-cremoso-212ml\\\/#breadcrumb\"},\"inLanguage\":\"en-GB\",\"potentialAction\":[{\"@type\":\"ReadAction\",\"target\":[\"https:\\\/\\\/melpirata.pt\\\/produto\\\/mel-cremoso-212ml\\\/\"]}]},{\"@type\":\"ImageObject\",\"inLanguage\":\"en-GB\",\"@id\":\"https:\\\/\\\/melpirata.pt\\\/produto\\\/mel-cremoso-212ml\\\/#primaryimage\",\"url\":\"https:\\\/\\\/melpirata.pt\\\/wp-content\\\/uploads\\\/2025\\\/11\\\/mel-cremoso-212.jpg\",\"contentUrl\":\"https:\\\/\\\/melpirata.pt\\\/wp-content\\\/uploads\\\/2025\\\/11\\\/mel-cremoso-212.jpg\",\"width\":864,\"height\":1184},{\"@type\":\"BreadcrumbList\",\"@id\":\"https:\\\/\\\/melpirata.pt\\\/produto\\\/mel-cremoso-212ml\\\/#breadcrumb\",\"itemListElement\":[{\"@type\":\"ListItem\",\"position\":1,\"name\":\"In\u00edcio\",\"item\":\"https:\\\/\\\/melpirata.pt\\\/\"},{\"@type\":\"ListItem\",\"position\":2,\"name\":\"Loja\",\"item\":\"https:\\\/\\\/melpirata.pt\\\/loja\\\/\"},{\"@type\":\"ListItem\",\"position\":3,\"name\":\"Mel Cremoso (212ml)\"}]},{\"@type\":\"WebSite\",\"@id\":\"https:\\\/\\\/melpirata.pt\\\/#website\",\"url\":\"https:\\\/\\\/melpirata.pt\\\/\",\"name\":\"Mel Pirata\",\"description\":\"Produto do Alentejo\",\"publisher\":{\"@id\":\"https:\\\/\\\/melpirata.pt\\\/#organization\"},\"potentialAction\":[{\"@type\":\"SearchAction\",\"target\":{\"@type\":\"EntryPoint\",\"urlTemplate\":\"https:\\\/\\\/melpirata.pt\\\/?s={search_term_string}\"},\"query-input\":{\"@type\":\"PropertyValueSpecification\",\"valueRequired\":true,\"valueName\":\"search_term_string\"}}],\"inLanguage\":\"en-GB\"},{\"@type\":\"Organization\",\"@id\":\"https:\\\/\\\/melpirata.pt\\\/#organization\",\"name\":\"Mel Pirata\",\"url\":\"https:\\\/\\\/melpirata.pt\\\/\",\"logo\":{\"@type\":\"ImageObject\",\"inLanguage\":\"en-GB\",\"@id\":\"https:\\\/\\\/melpirata.pt\\\/#\\\/schema\\\/logo\\\/image\\\/\",\"url\":\"https:\\\/\\\/melpirata.pt\\\/wp-content\\\/uploads\\\/2024\\\/04\\\/logo-melpirata-black.jpg\",\"contentUrl\":\"https:\\\/\\\/melpirata.pt\\\/wp-content\\\/uploads\\\/2024\\\/04\\\/logo-melpirata-black.jpg\",\"width\":696,\"height\":696,\"caption\":\"Mel Pirata\"},\"image\":{\"@id\":\"https:\\\/\\\/melpirata.pt\\\/#\\\/schema\\\/logo\\\/image\\\/\"},\"sameAs\":[\"https:\\\/\\\/www.instagram.com\\\/mel.pirata\"]}]}<\/script>\n<!-- \/ Yoast SEO plugin. -->","yoast_head_json":{"title":"Mel Cremoso (212ml) | Mel Pirata","description":"Dispon\u00edvel em 5 sabores. Com uma textura cremosa nascida da magia da cristaliza\u00e7\u00e3o natural do Mel Gold, \u00e9 perfeito para espalhar sorrisos no p\u00e3o.","robots":{"index":"index","follow":"follow","max-snippet":"max-snippet:-1","max-image-preview":"max-image-preview:large","max-video-preview":"max-video-preview:-1"},"canonical":"https:\/\/melpirata.pt\/en\/product\/mel-cremoso-212ml\/","og_locale":"en_GB","og_type":"article","og_title":"Mel Cremoso (212ml) | Mel Pirata","og_description":"Dispon\u00edvel em 5 sabores. Com uma textura cremosa nascida da magia da cristaliza\u00e7\u00e3o natural do Mel Gold, \u00e9 perfeito para espalhar sorrisos no p\u00e3o.","og_url":"https:\/\/melpirata.pt\/en\/product\/mel-cremoso-212ml\/","og_site_name":"Mel Pirata","article_modified_time":"2025-11-20T15:08:27+00:00","og_image":[{"width":864,"height":1184,"url":"https:\/\/melpirata.pt\/wp-content\/uploads\/2025\/11\/mel-cremoso-212.jpg","type":"image\/jpeg"}],"twitter_card":"summary_large_image","twitter_misc":{"Estimated reading time":"1 minute"},"schema":{"@context":"https:\/\/schema.org","@graph":[{"@type":"WebPage","@id":"https:\/\/melpirata.pt\/produto\/mel-cremoso-212ml\/","url":"https:\/\/melpirata.pt\/produto\/mel-cremoso-212ml\/","name":"Mel Cremoso (212ml) | Mel Pirata","isPartOf":{"@id":"https:\/\/melpirata.pt\/#website"},"primaryImageOfPage":{"@id":"https:\/\/melpirata.pt\/produto\/mel-cremoso-212ml\/#primaryimage"},"image":{"@id":"https:\/\/melpirata.pt\/produto\/mel-cremoso-212ml\/#primaryimage"},"thumbnailUrl":"https:\/\/melpirata.pt\/wp-content\/uploads\/2025\/11\/mel-cremoso-212.jpg","datePublished":"2025-11-14T16:01:06+00:00","dateModified":"2025-11-20T15:08:27+00:00","description":"Dispon\u00edvel em 5 sabores. Com uma textura cremosa nascida da magia da cristaliza\u00e7\u00e3o natural do Mel Gold, \u00e9 perfeito para espalhar sorrisos no p\u00e3o.","breadcrumb":{"@id":"https:\/\/melpirata.pt\/produto\/mel-cremoso-212ml\/#breadcrumb"},"inLanguage":"en-GB","potentialAction":[{"@type":"ReadAction","target":["https:\/\/melpirata.pt\/produto\/mel-cremoso-212ml\/"]}]},{"@type":"ImageObject","inLanguage":"en-GB","@id":"https:\/\/melpirata.pt\/produto\/mel-cremoso-212ml\/#primaryimage","url":"https:\/\/melpirata.pt\/wp-content\/uploads\/2025\/11\/mel-cremoso-212.jpg","contentUrl":"https:\/\/melpirata.pt\/wp-content\/uploads\/2025\/11\/mel-cremoso-212.jpg","width":864,"height":1184},{"@type":"BreadcrumbList","@id":"https:\/\/melpirata.pt\/produto\/mel-cremoso-212ml\/#breadcrumb","itemListElement":[{"@type":"ListItem","position":1,"name":"In\u00edcio","item":"https:\/\/melpirata.pt\/"},{"@type":"ListItem","position":2,"name":"Loja","item":"https:\/\/melpirata.pt\/loja\/"},{"@type":"ListItem","position":3,"name":"Mel Cremoso (212ml)"}]},{"@type":"WebSite","@id":"https:\/\/melpirata.pt\/#website","url":"https:\/\/melpirata.pt\/","name":"Mel Pirata","description":"Product of Alentejo","publisher":{"@id":"https:\/\/melpirata.pt\/#organization"},"potentialAction":[{"@type":"SearchAction","target":{"@type":"EntryPoint","urlTemplate":"https:\/\/melpirata.pt\/?s={search_term_string}"},"query-input":{"@type":"PropertyValueSpecification","valueRequired":true,"valueName":"search_term_string"}}],"inLanguage":"en-GB"},{"@type":"Organization","@id":"https:\/\/melpirata.pt\/#organization","name":"Mel Pirata","url":"https:\/\/melpirata.pt\/","logo":{"@type":"ImageObject","inLanguage":"en-GB","@id":"https:\/\/melpirata.pt\/#\/schema\/logo\/image\/","url":"https:\/\/melpirata.pt\/wp-content\/uploads\/2024\/04\/logo-melpirata-black.jpg","contentUrl":"https:\/\/melpirata.pt\/wp-content\/uploads\/2024\/04\/logo-melpirata-black.jpg","width":696,"height":696,"caption":"Mel Pirata"},"image":{"@id":"https:\/\/melpirata.pt\/#\/schema\/logo\/image\/"},"sameAs":["https:\/\/www.instagram.com\/mel.pirata"]}]}},"_links":{"self":[{"href":"https:\/\/melpirata.pt\/en\/wp-json\/wp\/v2\/product\/2072","targetHints":{"allow":["GET"]}}],"collection":[{"href":"https:\/\/melpirata.pt\/en\/wp-json\/wp\/v2\/product"}],"about":[{"href":"https:\/\/melpirata.pt\/en\/wp-json\/wp\/v2\/types\/product"}],"replies":[{"embeddable":true,"href":"https:\/\/melpirata.pt\/en\/wp-json\/wp\/v2\/comments?post=2072"}],"wp:featuredmedia":[{"embeddable":true,"href":"https:\/\/melpirata.pt\/en\/wp-json\/wp\/v2\/media\/2065"}],"wp:attachment":[{"href":"https:\/\/melpirata.pt\/en\/wp-json\/wp\/v2\/media?parent=2072"}],"wp:term":[{"taxonomy":"product_brand","embeddable":true,"href":"https:\/\/melpirata.pt\/en\/wp-json\/wp\/v2\/product_brand?post=2072"},{"taxonomy":"product_cat","embeddable":true,"href":"https:\/\/melpirata.pt\/en\/wp-json\/wp\/v2\/product_cat?post=2072"},{"taxonomy":"product_tag","embeddable":true,"href":"https:\/\/melpirata.pt\/en\/wp-json\/wp\/v2\/product_tag?post=2072"}],"curies":[{"name":"wp","href":"https:\/\/api.w.org\/{rel}","templated":true}]}}